{"id":1085,"date":"2014-07-18T10:29:34","date_gmt":"2014-07-18T10:29:34","guid":{"rendered":"http:\/\/apicona-data.thememount.com\/?page_id=4"},"modified":"2023-09-01T10:15:14","modified_gmt":"2023-09-01T10:15:14","slug":"front-page","status":"publish","type":"page","link":"https:\/\/alpericoztransport.com\/en\/","title":{"rendered":"Home"},"content":{"rendered":"<section class=\"wpb-content-wrapper\"><p>[vc_row css=&#8221;.vc_custom_1433739604302{padding-bottom: 50px !important;}&#8221;][vc_column][vc_text_separator title=&#8221;OUR SERVICES&#8221; color=&#8221;blue&#8221;][\/vc_column][vc_column width=&#8221;1\/3&#8243;][vc_single_image image=&#8221;6085&#8243; img_size=&#8221;full&#8221; alignment=&#8221;center&#8221; style=&#8221;vc_box_outline&#8221; border_color=&#8221;sky&#8221; css_animation=&#8221;bounceInLeft&#8221;][vc_column_text css_animation=&#8221;bounceInLeft&#8221;]<\/p>\n<p style=\"text-align: left;\"><strong><span style=\"color: #000000;\">OVERLAND TRANSPORTATION<\/span><\/strong><\/p>\n<p style=\"text-align: left;\"><span style=\"color: #000000;\">We provide safe, smooth delivery on time with our expert crew on overland transport. You don&#8217;t need to worry about your delivery with our specialists and online tracking technology.<\/span><\/p>\n<p>[\/vc_column_text][vc_btn title=&#8221;Detayl\u0131 Bilgi&#8221; style=&#8221;outline&#8221; color=&#8221;sky&#8221; size=&#8221;xs&#8221; align=&#8221;center&#8221; i_icon_fontawesome=&#8221;fas fa-truck-moving&#8221; css_animation=&#8221;bounceInLeft&#8221; button_block=&#8221;true&#8221; add_icon=&#8221;true&#8221; link=&#8221;url:https%3A%2F%2Falpericoztransport.com%2Fkarayolu-tasimaciligi%2F&#8221;][\/vc_column][vc_column width=&#8221;1\/3&#8243;][vc_single_image image=&#8221;6086&#8243; img_size=&#8221;full&#8221; alignment=&#8221;center&#8221; style=&#8221;vc_box_outline&#8221; border_color=&#8221;sky&#8221; css_animation=&#8221;bounceInUp&#8221;][vc_column_text css_animation=&#8221;bounceInUp&#8221;]<\/p>\n<p style=\"text-align: left;\"><span style=\"color: #000000;\"><strong>AIRLINE TRANSPORTATION<\/strong><\/span><\/p>\n<p><span style=\"color: #000000;\">Targeting affordable solutions on airline transport, our brand operates in every area of logistics in order to provide you the fastest ways&#8230;<\/span>[\/vc_column_text][vc_btn title=&#8221;Detayl\u0131 Bilgi&#8221; style=&#8221;outline&#8221; color=&#8221;sky&#8221; size=&#8221;xs&#8221; align=&#8221;center&#8221; i_icon_fontawesome=&#8221;fas fa-plane&#8221; css_animation=&#8221;bounceInUp&#8221; button_block=&#8221;true&#8221; add_icon=&#8221;true&#8221; link=&#8221;url:https%3A%2F%2Falpericoztransport.com%2Fhavayolu-tasimaciligi%2F&#8221;][\/vc_column][vc_column width=&#8221;1\/3&#8243;][vc_single_image image=&#8221;6087&#8243; img_size=&#8221;full&#8221; alignment=&#8221;center&#8221; style=&#8221;vc_box_outline&#8221; border_color=&#8221;sky&#8221; css_animation=&#8221;bounceInRight&#8221;][vc_column_text css_animation=&#8221;bounceInRight&#8221;]<\/p>\n<p style=\"text-align: left;\"><span style=\"color: #000000;\"><strong>MARITIME TRANSPORTATION<\/strong><\/span><\/p>\n<p><span style=\"color: #000000;\">Egece Transport is also the right address for companies which prefer maritime transport. With professional collaborations we provide safe, smooth and on time maritime transportation.<\/span>[\/vc_column_text][vc_btn title=&#8221;Detayl\u0131 Bilgi&#8221; style=&#8221;outline&#8221; color=&#8221;sky&#8221; size=&#8221;xs&#8221; align=&#8221;center&#8221; i_icon_fontawesome=&#8221;fas fa-ship&#8221; css_animation=&#8221;bounceInRight&#8221; button_block=&#8221;true&#8221; add_icon=&#8221;true&#8221; link=&#8221;url:https%3A%2F%2Falpericoztransport.com%2Fdenizyolu-tasimaciligi%2F&#8221;][\/vc_column][\/vc_row][vc_row full_width=&#8221;stretch_row_content_no_spaces&#8221; bgtype=&#8221;dark&#8221; css=&#8221;.vc_custom_1672443932201{padding-bottom: 65px !important;background-image: url(https:\/\/alpericoztransport.com\/wp-content\/uploads\/2022\/12\/7a.jpg?id=5971) !important;background-position: center !important;background-repeat: no-repeat !important;background-size: cover !important;}&#8221;][vc_column][vc_column_text]<\/p>\n<h4 style=\"text-align: center;\"><span style=\"color: #ffffff;\"><strong>WHY US ?<\/strong><\/span><\/h4>\n<h5 style=\"text-align: center;\"><span style=\"color: #ffffff;\">A few reasons to use Egece Transport in the field of logistics;<\/span><\/h5>\n<p>[\/vc_column_text][\/vc_column][vc_column width=&#8221;1\/6&#8243;][vc_empty_space height=&#8221;1&#8243;][\/vc_column][vc_column width=&#8221;1\/6&#8243;][vc_single_image image=&#8221;5966&#8243; img_size=&#8221;full&#8221; alignment=&#8221;center&#8221;][vc_column_text]<\/p>\n<h5 style=\"text-align: center;\"><span style=\"color: #ffffff;\"><strong>Expert Team<\/strong><\/span><\/h5>\n<p>[\/vc_column_text][\/vc_column][vc_column width=&#8221;1\/6&#8243;][vc_single_image image=&#8221;5968&#8243; img_size=&#8221;full&#8221; alignment=&#8221;center&#8221;][vc_column_text]<\/p>\n<h5 style=\"text-align: center;\"><span style=\"color: #ffffff;\"><strong>On Time Delivery<\/strong><\/span><\/h5>\n<p>[\/vc_column_text][\/vc_column][vc_column width=&#8221;1\/6&#8243;][vc_single_image image=&#8221;5967&#8243; img_size=&#8221;full&#8221; alignment=&#8221;center&#8221;][vc_column_text]<\/p>\n<h5 style=\"text-align: center;\"><span style=\"color: #ffffff;\"><strong>Strong Reference<\/strong><\/span><\/h5>\n<p>[\/vc_column_text][\/vc_column][vc_column width=&#8221;1\/6&#8243;][vc_single_image image=&#8221;6078&#8243; img_size=&#8221;full&#8221; alignment=&#8221;center&#8221;][vc_column_text]<\/p>\n<h5 style=\"text-align: center;\"><span style=\"color: #ffffff;\"><strong>Online Tracking<\/strong><\/span><\/h5>\n<p>[\/vc_column_text][\/vc_column][vc_column width=&#8221;1\/6&#8243;][vc_empty_space height=&#8221;1&#8243;][\/vc_column][\/vc_row][vc_row full_width=&#8221;stretch_row&#8221;][vc_column width=&#8221;1\/2&#8243;][vc_column_text css_animation=&#8221;bounceInLeft&#8221;]<span style=\"color: #000000;\"><img decoding=\"async\" loading=\"lazy\" class=\"alignnone wp-image-5986 \" src=\"https:\/\/alpericoztransport.com\/wp-content\/uploads\/2022\/12\/egece-kurumsal-logo-head.png\" alt=\"\" width=\"204\" height=\"53\" \/><br \/>\n<\/span><\/p>\n<p>In Egece Transport based in \u0130zmir, T\u00fcrkiye, our goal is to be the new star of transportation. Offering years of experience of our experts, we began operating in 2022. In a short time, with your support, providing safe, smooth delivery on time, we continue adding new brands to our references. Providing global support for logistics to the brands, our company is aiming to be one step ahead of others with the help of new technologies and a mindset always open to improve. Our brand contributes to the economics of the country and logistics segment by gaining the trust of the foreign investors who invests in our country bridging between Europe and Asia.<\/p>\n<p>Besides providing affordable solutions also in choosing the transportation vehicle, we aim for smooth and on time delivery <a style=\"color: #000000;\" href=\"\/en\/hakkimizda\">About Us >>><\/a>[\/vc_column_text][\/vc_column][vc_column width=&#8221;1\/2&#8243;][vc_single_image image=&#8221;6001&#8243; img_size=&#8221;full&#8221; css_animation=&#8221;bounceInRight&#8221;][\/vc_column][vc_column][vc_text_separator title=&#8221;WE ARE ALL OVER EUROPE&#8221; color=&#8221;blue&#8221; css_animation=&#8221;bounceInLeft&#8221;][\/vc_column][vc_column width=&#8221;1\/2&#8243;][vc_single_image image=&#8221;6015&#8243; img_size=&#8221;full&#8221; alignment=&#8221;center&#8221; css_animation=&#8221;bounceInLeft&#8221;][\/vc_column][vc_column width=&#8221;1\/2&#8243;][vc_single_image image=&#8221;6016&#8243; img_size=&#8221;full&#8221; alignment=&#8221;center&#8221; css_animation=&#8221;bounceInRight&#8221;][\/vc_column][\/vc_row][vc_row full_width=&#8221;stretch_row&#8221; bgtype=&#8221;skin&#8221; fullwidth=&#8221;&#8221; css=&#8221;.vc_custom_1436360997508{padding-top: 41px !important;padding-bottom: 35px !important;background-position: center !important;background-repeat: no-repeat !important;background-size: cover !important;}&#8221;][vc_column][vc_cta h2=&#8221;LOGISTICS REQUEST FORM&#8221; add_button=&#8221;right&#8221; btn_title=&#8221;FILL THE FORM&#8221; btn_style=&#8221;flat&#8221; btn_align=&#8221;right&#8221; btn_i_align=&#8221;right&#8221; btn_i_icon_fontawesome=&#8221;fas fa-edit&#8221; btn_add_icon=&#8221;true&#8221; btn_link=&#8221;url:https%3A%2F%2Falpericoztransport.com%2Fen%2Flojistik-talep-formu%2F&#8221;][\/vc_cta][\/vc_column][\/vc_row]<\/p>\n<\/section>","protected":false},"excerpt":{"rendered":"<p>[vc_row css=&#8221;.vc_custom_1433739604302{padding-bottom: 50px !important;}&#8221;][vc_column][vc_text_separator title=&#8221;OUR SERVICES&#8221; color=&#8221;blue&#8221;][\/vc_column][vc_column width=&#8221;1\/3&#8243;][vc_single_image image=&#8221;6085&#8243; img_size=&#8221;full&#8221; alignment=&#8221;center&#8221; style=&#8221;vc_box_outline&#8221; border_color=&#8221;sky&#8221; css_animation=&#8221;bounceInLeft&#8221;][vc_column_text css_animation=&#8221;bounceInLeft&#8221;] OVERLAND TRANSPORTATION We provide safe, smooth delivery on time with our expert crew on overland transport. You don&#8217;t need to worry about your delivery with our specialists and online tracking technology. [\/vc_column_text][vc_btn title=&#8221;Detayl\u0131 Bilgi&#8221; style=&#8221;outline&#8221; color=&#8221;sky&#8221; size=&#8221;xs&#8221; align=&#8221;center&#8221; i_icon_fontawesome=&#8221;fas fa-truck-moving&#8221; [&hellip;]<\/p>\n","protected":false},"author":1,"featured_media":0,"parent":0,"menu_order":1,"comment_status":"closed","ping_status":"open","template":"","meta":[],"yoast_head":"<!-- This site is optimized with the Yoast SEO plugin v19.13 - https:\/\/yoast.com\/wordpress\/plugins\/seo\/ -->\n<title>Alper \u0130\u00e7\u00f6z Transport Uluslararas\u0131 Kara, Hava ve Deniz Ta\u015f\u0131mac\u0131l\u0131\u011f\u0131<\/title>\n<meta name=\"description\" content=\"Lojisti\u011fin yeni y\u00fckseleni Alper \u0130\u00e7\u00f6z Transport, T\u00fcrkiye ve Avrupa&#039;n\u0131n her noktas\u0131na kara, hava ve deniz ta\u015f\u0131mac\u0131l\u0131\u011f\u0131 hizmeti sunmaktad\u0131r.\" \/>\n<meta name=\"robots\" content=\"index, follow, max-snippet:-1, max-image-preview:large, max-video-preview:-1\" \/>\n<link rel=\"canonical\" href=\"https:\/\/alpericoztransport.com\/\" \/>\n<meta property=\"og:locale\" content=\"en_US\" \/>\n<meta property=\"og:type\" content=\"article\" \/>\n<meta property=\"og:title\" content=\"Alper \u0130\u00e7\u00f6z Transport Uluslararas\u0131 Kara, Hava ve Deniz Ta\u015f\u0131mac\u0131l\u0131\u011f\u0131\" \/>\n<meta property=\"og:description\" content=\"Lojisti\u011fin yeni y\u00fckseleni Alper \u0130\u00e7\u00f6z Transport, T\u00fcrkiye ve Avrupa&#039;n\u0131n her noktas\u0131na kara, hava ve deniz ta\u015f\u0131mac\u0131l\u0131\u011f\u0131 hizmeti sunmaktad\u0131r.\" \/>\n<meta property=\"og:url\" content=\"https:\/\/alpericoztransport.com\/\" \/>\n<meta property=\"og:site_name\" content=\"Alper \u0130\u00e7\u00f6z Transport\" \/>\n<meta property=\"article:modified_time\" content=\"2023-09-01T10:15:14+00:00\" \/>\n<meta property=\"og:image\" content=\"https:\/\/alpericoztransport.com\/wp-content\/uploads\/2023\/08\/alper-icoz-logb.png\" \/>\n<meta name=\"twitter:card\" content=\"summary_large_image\" \/>\n<meta name=\"twitter:label1\" content=\"Est. reading time\" \/>\n\t<meta name=\"twitter:data1\" content=\"3 minutes\" \/>\n<script type=\"application\/ld+json\" class=\"yoast-schema-graph\">{\"@context\":\"https:\/\/schema.org\",\"@graph\":[{\"@type\":\"WebPage\",\"@id\":\"https:\/\/alpericoztransport.com\/\",\"url\":\"https:\/\/alpericoztransport.com\/\",\"name\":\"Alper \u0130\u00e7\u00f6z Transport Uluslararas\u0131 Kara, Hava ve Deniz Ta\u015f\u0131mac\u0131l\u0131\u011f\u0131\",\"isPartOf\":{\"@id\":\"https:\/\/alpericoztransport.com\/#website\"},\"datePublished\":\"2014-07-18T10:29:34+00:00\",\"dateModified\":\"2023-09-01T10:15:14+00:00\",\"description\":\"Lojisti\u011fin yeni y\u00fckseleni Alper \u0130\u00e7\u00f6z Transport, T\u00fcrkiye ve Avrupa'n\u0131n her noktas\u0131na kara, hava ve deniz ta\u015f\u0131mac\u0131l\u0131\u011f\u0131 hizmeti sunmaktad\u0131r.\",\"breadcrumb\":{\"@id\":\"https:\/\/alpericoztransport.com\/#breadcrumb\"},\"inLanguage\":\"en-US\",\"potentialAction\":[{\"@type\":\"ReadAction\",\"target\":[\"https:\/\/alpericoztransport.com\/\"]}]},{\"@type\":\"BreadcrumbList\",\"@id\":\"https:\/\/alpericoztransport.com\/#breadcrumb\",\"itemListElement\":[{\"@type\":\"ListItem\",\"position\":1,\"name\":\"Anasayfa\",\"item\":\"https:\/\/alpericoztransport.com\/\"},{\"@type\":\"ListItem\",\"position\":2,\"name\":\"Ana Sayfa\"}]},{\"@type\":\"WebSite\",\"@id\":\"https:\/\/alpericoztransport.com\/#website\",\"url\":\"https:\/\/alpericoztransport.com\/\",\"name\":\"www.egecetransport.com\",\"description\":\"Uluslararas\u0131 Kara - Hava ve Deniz Ta\u015f\u0131mac\u0131l\u0131\u011f\u0131\",\"publisher\":{\"@id\":\"https:\/\/alpericoztransport.com\/#organization\"},\"potentialAction\":[{\"@type\":\"SearchAction\",\"target\":{\"@type\":\"EntryPoint\",\"urlTemplate\":\"https:\/\/alpericoztransport.com\/?s={search_term_string}\"},\"query-input\":\"required name=search_term_string\"}],\"inLanguage\":\"en-US\"},{\"@type\":\"Organization\",\"@id\":\"https:\/\/alpericoztransport.com\/#organization\",\"name\":\"www.egecetransport.com\",\"url\":\"https:\/\/alpericoztransport.com\/\",\"logo\":{\"@type\":\"ImageObject\",\"inLanguage\":\"en-US\",\"@id\":\"https:\/\/alpericoztransport.com\/#\/schema\/logo\/image\/\",\"url\":\"https:\/\/egecetransport.com\/wp-content\/uploads\/2022\/12\/egece-kurumsal-logo-head.png\",\"contentUrl\":\"https:\/\/egecetransport.com\/wp-content\/uploads\/2022\/12\/egece-kurumsal-logo-head.png\",\"width\":270,\"height\":70,\"caption\":\"www.egecetransport.com\"},\"image\":{\"@id\":\"https:\/\/alpericoztransport.com\/#\/schema\/logo\/image\/\"}}]}<\/script>\n<!-- \/ Yoast SEO plugin. -->","yoast_head_json":{"title":"Alper \u0130\u00e7\u00f6z Transport Uluslararas\u0131 Kara, Hava ve Deniz Ta\u015f\u0131mac\u0131l\u0131\u011f\u0131","description":"Lojisti\u011fin yeni y\u00fckseleni Alper \u0130\u00e7\u00f6z Transport, T\u00fcrkiye ve Avrupa'n\u0131n her noktas\u0131na kara, hava ve deniz ta\u015f\u0131mac\u0131l\u0131\u011f\u0131 hizmeti sunmaktad\u0131r.","robots":{"index":"index","follow":"follow","max-snippet":"max-snippet:-1","max-image-preview":"max-image-preview:large","max-video-preview":"max-video-preview:-1"},"canonical":"https:\/\/alpericoztransport.com\/","og_locale":"en_US","og_type":"article","og_title":"Alper \u0130\u00e7\u00f6z Transport Uluslararas\u0131 Kara, Hava ve Deniz Ta\u015f\u0131mac\u0131l\u0131\u011f\u0131","og_description":"Lojisti\u011fin yeni y\u00fckseleni Alper \u0130\u00e7\u00f6z Transport, T\u00fcrkiye ve Avrupa'n\u0131n her noktas\u0131na kara, hava ve deniz ta\u015f\u0131mac\u0131l\u0131\u011f\u0131 hizmeti sunmaktad\u0131r.","og_url":"https:\/\/alpericoztransport.com\/","og_site_name":"Alper \u0130\u00e7\u00f6z Transport","article_modified_time":"2023-09-01T10:15:14+00:00","og_image":[{"url":"https:\/\/alpericoztransport.com\/wp-content\/uploads\/2023\/08\/alper-icoz-logb.png"}],"twitter_card":"summary_large_image","twitter_misc":{"Est. reading time":"3 minutes"},"schema":{"@context":"https:\/\/schema.org","@graph":[{"@type":"WebPage","@id":"https:\/\/alpericoztransport.com\/","url":"https:\/\/alpericoztransport.com\/","name":"Alper \u0130\u00e7\u00f6z Transport Uluslararas\u0131 Kara, Hava ve Deniz Ta\u015f\u0131mac\u0131l\u0131\u011f\u0131","isPartOf":{"@id":"https:\/\/alpericoztransport.com\/#website"},"datePublished":"2014-07-18T10:29:34+00:00","dateModified":"2023-09-01T10:15:14+00:00","description":"Lojisti\u011fin yeni y\u00fckseleni Alper \u0130\u00e7\u00f6z Transport, T\u00fcrkiye ve Avrupa'n\u0131n her noktas\u0131na kara, hava ve deniz ta\u015f\u0131mac\u0131l\u0131\u011f\u0131 hizmeti sunmaktad\u0131r.","breadcrumb":{"@id":"https:\/\/alpericoztransport.com\/#breadcrumb"},"inLanguage":"en-US","potentialAction":[{"@type":"ReadAction","target":["https:\/\/alpericoztransport.com\/"]}]},{"@type":"BreadcrumbList","@id":"https:\/\/alpericoztransport.com\/#breadcrumb","itemListElement":[{"@type":"ListItem","position":1,"name":"Anasayfa","item":"https:\/\/alpericoztransport.com\/"},{"@type":"ListItem","position":2,"name":"Ana Sayfa"}]},{"@type":"WebSite","@id":"https:\/\/alpericoztransport.com\/#website","url":"https:\/\/alpericoztransport.com\/","name":"www.egecetransport.com","description":"Uluslararas\u0131 Kara - Hava ve Deniz Ta\u015f\u0131mac\u0131l\u0131\u011f\u0131","publisher":{"@id":"https:\/\/alpericoztransport.com\/#organization"},"potentialAction":[{"@type":"SearchAction","target":{"@type":"EntryPoint","urlTemplate":"https:\/\/alpericoztransport.com\/?s={search_term_string}"},"query-input":"required name=search_term_string"}],"inLanguage":"en-US"},{"@type":"Organization","@id":"https:\/\/alpericoztransport.com\/#organization","name":"www.egecetransport.com","url":"https:\/\/alpericoztransport.com\/","logo":{"@type":"ImageObject","inLanguage":"en-US","@id":"https:\/\/alpericoztransport.com\/#\/schema\/logo\/image\/","url":"https:\/\/egecetransport.com\/wp-content\/uploads\/2022\/12\/egece-kurumsal-logo-head.png","contentUrl":"https:\/\/egecetransport.com\/wp-content\/uploads\/2022\/12\/egece-kurumsal-logo-head.png","width":270,"height":70,"caption":"www.egecetransport.com"},"image":{"@id":"https:\/\/alpericoztransport.com\/#\/schema\/logo\/image\/"}}]}},"_links":{"self":[{"href":"https:\/\/alpericoztransport.com\/en\/wp-json\/wp\/v2\/pages\/1085"}],"collection":[{"href":"https:\/\/alpericoztransport.com\/en\/wp-json\/wp\/v2\/pages"}],"about":[{"href":"https:\/\/alpericoztransport.com\/en\/wp-json\/wp\/v2\/types\/page"}],"author":[{"embeddable":true,"href":"https:\/\/alpericoztransport.com\/en\/wp-json\/wp\/v2\/users\/1"}],"replies":[{"embeddable":true,"href":"https:\/\/alpericoztransport.com\/en\/wp-json\/wp\/v2\/comments?post=1085"}],"version-history":[{"count":73,"href":"https:\/\/alpericoztransport.com\/en\/wp-json\/wp\/v2\/pages\/1085\/revisions"}],"predecessor-version":[{"id":6197,"href":"https:\/\/alpericoztransport.com\/en\/wp-json\/wp\/v2\/pages\/1085\/revisions\/6197"}],"wp:attachment":[{"href":"https:\/\/alpericoztransport.com\/en\/wp-json\/wp\/v2\/media?parent=1085"}],"curies":[{"name":"wp","href":"https:\/\/api.w.org\/{rel}","templated":true}]}}