{"id":6057,"date":"2023-01-03T22:27:17","date_gmt":"2023-01-03T22:27:17","guid":{"rendered":"https:\/\/alpericoztransport.com\/?page_id=6057"},"modified":"2023-01-09T00:26:26","modified_gmt":"2023-01-09T00:26:26","slug":"lojistik-talep-formu","status":"publish","type":"page","link":"https:\/\/alpericoztransport.com\/en\/lojistik-talep-formu\/","title":{"rendered":"Logistics Request Form"},"content":{"rendered":"<section class=\"wpb-content-wrapper\"><p>[vc_row][vc_column][vc_column_text]<span style=\"color: #000000;\">You can send your logistics requests by filling out the form completely. We will contact you as soon as possible.<\/span>[\/vc_column_text]<div class=\"wpcf7 no-js\" id=\"wpcf7-f6067-o1\" lang=\"en-US\" dir=\"ltr\">\n<div class=\"screen-reader-response\"><p role=\"status\" aria-live=\"polite\" aria-atomic=\"true\"><\/p> <ul><\/ul><\/div>\n<form action=\"\/en\/wp-json\/wp\/v2\/pages\/6057#wpcf7-f6067-o1\" method=\"post\" class=\"wpcf7-form init\" aria-label=\"Contact form\" novalidate=\"novalidate\" data-status=\"init\">\n<div style=\"display: none;\">\n<input type=\"hidden\" name=\"_wpcf7\" value=\"6067\" \/>\n<input type=\"hidden\" name=\"_wpcf7_version\" value=\"5.7.1\" \/>\n<input type=\"hidden\" name=\"_wpcf7_locale\" value=\"en_US\" \/>\n<input type=\"hidden\" name=\"_wpcf7_unit_tag\" value=\"wpcf7-f6067-o1\" \/>\n<input type=\"hidden\" name=\"_wpcf7_container_post\" value=\"0\" \/>\n<input type=\"hidden\" name=\"_wpcf7_posted_data_hash\" value=\"\" \/>\n<input type=\"hidden\" name=\"lang\" value=\"en\" \/>\n<\/div>\n<p><label> Name Surname (*)<br \/>\n<span class=\"wpcf7-form-control-wrap\" data-name=\"your-name\"><input size=\"40\" class=\"wpcf7-form-control wpcf7-text wpcf7-validates-as-required\" autocomplete=\"name\" aria-required=\"true\" aria-invalid=\"false\" value=\"\" type=\"text\" name=\"your-name\" \/><\/span> <\/label>\n<\/p>\n<p><label> E-Mail (*)<br \/>\n<span class=\"wpcf7-form-control-wrap\" data-name=\"your-email\"><input size=\"40\" class=\"wpcf7-form-control wpcf7-text wpcf7-email wpcf7-validates-as-required wpcf7-validates-as-email\" autocomplete=\"email\" aria-required=\"true\" aria-invalid=\"false\" value=\"\" type=\"email\" name=\"your-email\" \/><\/span> <\/label>\n<\/p>\n<p><label> Phone (*)<br \/>\n<span class=\"wpcf7-form-control-wrap\" data-name=\"your-tel\"><input size=\"40\" class=\"wpcf7-form-control wpcf7-text wpcf7-validates-as-required\" aria-required=\"true\" aria-invalid=\"false\" value=\"\" type=\"text\" name=\"your-tel\" \/><\/span> <\/label>\n<\/p>\n<p><label> Beginning Field (*)<br \/>\n<span class=\"wpcf7-form-control-wrap\" data-name=\"cikis\"><input size=\"40\" class=\"wpcf7-form-control wpcf7-text wpcf7-validates-as-required\" aria-required=\"true\" aria-invalid=\"false\" value=\"\" type=\"text\" name=\"cikis\" \/><\/span> <\/label>\n<\/p>\n<p><label> Destination Field (*)<br \/>\n<span class=\"wpcf7-form-control-wrap\" data-name=\"varis\"><input size=\"40\" class=\"wpcf7-form-control wpcf7-text wpcf7-validates-as-required\" aria-required=\"true\" aria-invalid=\"false\" value=\"\" type=\"text\" name=\"varis\" \/><\/span> <\/label>\n<\/p>\n<p><label> Explanation<br \/>\n<span class=\"wpcf7-form-control-wrap\" data-name=\"your-message\"><textarea cols=\"40\" rows=\"10\" class=\"wpcf7-form-control wpcf7-textarea\" aria-invalid=\"false\" name=\"your-message\"><\/textarea><\/span> <\/label>\n<\/p>\n<p><input class=\"wpcf7-form-control has-spinner wpcf7-submit\" type=\"submit\" value=\"Send\" \/>\n<\/p><div class=\"wpcf7-response-output\" aria-hidden=\"true\"><\/div><\/form><\/div>[\/vc_column][\/vc_row]<\/p>\n<\/section>","protected":false},"excerpt":{"rendered":"<p>[vc_row][vc_column][vc_column_text]You can send your logistics requests by filling out the form completely. We will contact you as soon as possible.[\/vc_column_text][\/vc_column][\/vc_row]<\/p>\n","protected":false},"author":1,"featured_media":0,"parent":0,"menu_order":0,"comment_status":"closed","ping_status":"closed","template":"","meta":[],"yoast_head":"<!-- This site is optimized with the Yoast SEO plugin v19.13 - https:\/\/yoast.com\/wordpress\/plugins\/seo\/ -->\n<title>Logistics Request Form - Alper \u0130\u00e7\u00f6z Transport<\/title>\n<meta name=\"robots\" content=\"index, follow, max-snippet:-1, max-image-preview:large, max-video-preview:-1\" \/>\n<link rel=\"canonical\" href=\"https:\/\/alpericoztransport.com\/lojistik-talep-formu\/\" \/>\n<meta property=\"og:locale\" content=\"en_US\" \/>\n<meta property=\"og:type\" content=\"article\" \/>\n<meta property=\"og:title\" content=\"Logistics Request Form\" \/>\n<meta property=\"og:description\" content=\"[vc_row][vc_column][vc_column_text]You can send your logistics requests by filling out the form completely. We will contact you as soon as possible.[\/vc_column_text][\/vc_column][\/vc_row]\" \/>\n<meta property=\"og:url\" content=\"https:\/\/alpericoztransport.com\/lojistik-talep-formu\/\" \/>\n<meta property=\"og:site_name\" content=\"Alper \u0130\u00e7\u00f6z Transport\" \/>\n<meta property=\"article:modified_time\" content=\"2023-01-09T00:26:26+00:00\" \/>\n<meta name=\"twitter:card\" content=\"summary_large_image\" \/>\n<meta name=\"twitter:label1\" content=\"Est. reading time\" \/>\n\t<meta name=\"twitter:data1\" content=\"1 minute\" \/>\n<script type=\"application\/ld+json\" class=\"yoast-schema-graph\">{\"@context\":\"https:\/\/schema.org\",\"@graph\":[{\"@type\":\"WebPage\",\"@id\":\"https:\/\/alpericoztransport.com\/lojistik-talep-formu\/\",\"url\":\"https:\/\/alpericoztransport.com\/lojistik-talep-formu\/\",\"name\":\"[:tr]Lojistik Talep Formu[:en]Logistics Request Form[:ru]\u0424\u043e\u0440\u043c\u0430 \u0437\u0430\u043f\u0440\u043e\u0441\u0430 \u043b\u043e\u0433\u0438\u0441\u0442\u0438\u043a\u0438[:ge]\u10da\u10dd\u10d2\u10d8\u10e1\u10e2\u10d8\u10d9\u10d8\u10e1 \u10db\u10dd\u10d7\u10ee\u10dd\u10d5\u10dc\u10d8\u10e1 \u10e4\u10dd\u10e0\u10db\u10d0[:] - Alper \u0130\u00e7\u00f6z Transport\",\"isPartOf\":{\"@id\":\"https:\/\/alpericoztransport.com\/#website\"},\"datePublished\":\"2023-01-03T22:27:17+00:00\",\"dateModified\":\"2023-01-09T00:26:26+00:00\",\"breadcrumb\":{\"@id\":\"https:\/\/alpericoztransport.com\/lojistik-talep-formu\/#breadcrumb\"},\"inLanguage\":\"en-US\",\"potentialAction\":[{\"@type\":\"ReadAction\",\"target\":[\"https:\/\/alpericoztransport.com\/lojistik-talep-formu\/\"]}]},{\"@type\":\"BreadcrumbList\",\"@id\":\"https:\/\/alpericoztransport.com\/lojistik-talep-formu\/#breadcrumb\",\"itemListElement\":[{\"@type\":\"ListItem\",\"position\":1,\"name\":\"Anasayfa\",\"item\":\"https:\/\/alpericoztransport.com\/\"},{\"@type\":\"ListItem\",\"position\":2,\"name\":\"Lojistik Talep Formu\"}]},{\"@type\":\"WebSite\",\"@id\":\"https:\/\/alpericoztransport.com\/#website\",\"url\":\"https:\/\/alpericoztransport.com\/\",\"name\":\"www.egecetransport.com\",\"description\":\"Uluslararas\u0131 Kara - Hava ve Deniz Ta\u015f\u0131mac\u0131l\u0131\u011f\u0131\",\"publisher\":{\"@id\":\"https:\/\/alpericoztransport.com\/#organization\"},\"potentialAction\":[{\"@type\":\"SearchAction\",\"target\":{\"@type\":\"EntryPoint\",\"urlTemplate\":\"https:\/\/alpericoztransport.com\/?s={search_term_string}\"},\"query-input\":\"required name=search_term_string\"}],\"inLanguage\":\"en-US\"},{\"@type\":\"Organization\",\"@id\":\"https:\/\/alpericoztransport.com\/#organization\",\"name\":\"www.egecetransport.com\",\"url\":\"https:\/\/alpericoztransport.com\/\",\"logo\":{\"@type\":\"ImageObject\",\"inLanguage\":\"en-US\",\"@id\":\"https:\/\/alpericoztransport.com\/#\/schema\/logo\/image\/\",\"url\":\"https:\/\/egecetransport.com\/wp-content\/uploads\/2022\/12\/egece-kurumsal-logo-head.png\",\"contentUrl\":\"https:\/\/egecetransport.com\/wp-content\/uploads\/2022\/12\/egece-kurumsal-logo-head.png\",\"width\":270,\"height\":70,\"caption\":\"www.egecetransport.com\"},\"image\":{\"@id\":\"https:\/\/alpericoztransport.com\/#\/schema\/logo\/image\/\"}}]}<\/script>\n<!-- \/ Yoast SEO plugin. -->","yoast_head_json":{"title":"Logistics Request Form - Alper \u0130\u00e7\u00f6z Transport","robots":{"index":"index","follow":"follow","max-snippet":"max-snippet:-1","max-image-preview":"max-image-preview:large","max-video-preview":"max-video-preview:-1"},"canonical":"https:\/\/alpericoztransport.com\/lojistik-talep-formu\/","og_locale":"en_US","og_type":"article","og_title":"[:tr]Lojistik Talep Formu[:en]Logistics Request Form[:ru]\u0424\u043e\u0440\u043c\u0430 \u0437\u0430\u043f\u0440\u043e\u0441\u0430 \u043b\u043e\u0433\u0438\u0441\u0442\u0438\u043a\u0438[:ge]\u10da\u10dd\u10d2\u10d8\u10e1\u10e2\u10d8\u10d9\u10d8\u10e1 \u10db\u10dd\u10d7\u10ee\u10dd\u10d5\u10dc\u10d8\u10e1 \u10e4\u10dd\u10e0\u10db\u10d0[:] - Alper \u0130\u00e7\u00f6z Transport","og_description":"[vc_row][vc_column][vc_column_text]You can send your logistics requests by filling out the form completely. We will contact you as soon as possible.[\/vc_column_text][\/vc_column][\/vc_row]","og_url":"https:\/\/alpericoztransport.com\/lojistik-talep-formu\/","og_site_name":"Alper \u0130\u00e7\u00f6z Transport","article_modified_time":"2023-01-09T00:26:26+00:00","twitter_card":"summary_large_image","twitter_misc":{"Est. reading time":"1 minute"},"schema":{"@context":"https:\/\/schema.org","@graph":[{"@type":"WebPage","@id":"https:\/\/alpericoztransport.com\/lojistik-talep-formu\/","url":"https:\/\/alpericoztransport.com\/lojistik-talep-formu\/","name":"[:tr]Lojistik Talep Formu[:en]Logistics Request Form[:ru]\u0424\u043e\u0440\u043c\u0430 \u0437\u0430\u043f\u0440\u043e\u0441\u0430 \u043b\u043e\u0433\u0438\u0441\u0442\u0438\u043a\u0438[:ge]\u10da\u10dd\u10d2\u10d8\u10e1\u10e2\u10d8\u10d9\u10d8\u10e1 \u10db\u10dd\u10d7\u10ee\u10dd\u10d5\u10dc\u10d8\u10e1 \u10e4\u10dd\u10e0\u10db\u10d0[:] - Alper \u0130\u00e7\u00f6z Transport","isPartOf":{"@id":"https:\/\/alpericoztransport.com\/#website"},"datePublished":"2023-01-03T22:27:17+00:00","dateModified":"2023-01-09T00:26:26+00:00","breadcrumb":{"@id":"https:\/\/alpericoztransport.com\/lojistik-talep-formu\/#breadcrumb"},"inLanguage":"en-US","potentialAction":[{"@type":"ReadAction","target":["https:\/\/alpericoztransport.com\/lojistik-talep-formu\/"]}]},{"@type":"BreadcrumbList","@id":"https:\/\/alpericoztransport.com\/lojistik-talep-formu\/#breadcrumb","itemListElement":[{"@type":"ListItem","position":1,"name":"Anasayfa","item":"https:\/\/alpericoztransport.com\/"},{"@type":"ListItem","position":2,"name":"Lojistik Talep Formu"}]},{"@type":"WebSite","@id":"https:\/\/alpericoztransport.com\/#website","url":"https:\/\/alpericoztransport.com\/","name":"www.egecetransport.com","description":"Uluslararas\u0131 Kara - Hava ve Deniz Ta\u015f\u0131mac\u0131l\u0131\u011f\u0131","publisher":{"@id":"https:\/\/alpericoztransport.com\/#organization"},"potentialAction":[{"@type":"SearchAction","target":{"@type":"EntryPoint","urlTemplate":"https:\/\/alpericoztransport.com\/?s={search_term_string}"},"query-input":"required name=search_term_string"}],"inLanguage":"en-US"},{"@type":"Organization","@id":"https:\/\/alpericoztransport.com\/#organization","name":"www.egecetransport.com","url":"https:\/\/alpericoztransport.com\/","logo":{"@type":"ImageObject","inLanguage":"en-US","@id":"https:\/\/alpericoztransport.com\/#\/schema\/logo\/image\/","url":"https:\/\/egecetransport.com\/wp-content\/uploads\/2022\/12\/egece-kurumsal-logo-head.png","contentUrl":"https:\/\/egecetransport.com\/wp-content\/uploads\/2022\/12\/egece-kurumsal-logo-head.png","width":270,"height":70,"caption":"www.egecetransport.com"},"image":{"@id":"https:\/\/alpericoztransport.com\/#\/schema\/logo\/image\/"}}]}},"_links":{"self":[{"href":"https:\/\/alpericoztransport.com\/en\/wp-json\/wp\/v2\/pages\/6057"}],"collection":[{"href":"https:\/\/alpericoztransport.com\/en\/wp-json\/wp\/v2\/pages"}],"about":[{"href":"https:\/\/alpericoztransport.com\/en\/wp-json\/wp\/v2\/types\/page"}],"author":[{"embeddable":true,"href":"https:\/\/alpericoztransport.com\/en\/wp-json\/wp\/v2\/users\/1"}],"replies":[{"embeddable":true,"href":"https:\/\/alpericoztransport.com\/en\/wp-json\/wp\/v2\/comments?post=6057"}],"version-history":[{"count":16,"href":"https:\/\/alpericoztransport.com\/en\/wp-json\/wp\/v2\/pages\/6057\/revisions"}],"predecessor-version":[{"id":6151,"href":"https:\/\/alpericoztransport.com\/en\/wp-json\/wp\/v2\/pages\/6057\/revisions\/6151"}],"wp:attachment":[{"href":"https:\/\/alpericoztransport.com\/en\/wp-json\/wp\/v2\/media?parent=6057"}],"curies":[{"name":"wp","href":"https:\/\/api.w.org\/{rel}","templated":true}]}}