{"id":5955,"date":"2022-12-30T23:19:21","date_gmt":"2022-12-30T23:19:21","guid":{"rendered":"https:\/\/alpericoztransport.com\/?page_id=5955"},"modified":"2023-09-01T10:01:31","modified_gmt":"2023-09-01T10:01:31","slug":"hakkimizda","status":"publish","type":"page","link":"https:\/\/alpericoztransport.com\/ge\/hakkimizda\/","title":{"rendered":"\u10e9\u10d5\u10d4\u10dc\u10e1 \u10e8\u10d4\u10e1\u10d0\u10ee\u10d4\u10d1"},"content":{"rendered":"<section class=\"wpb-content-wrapper\"><p>[vc_row][vc_column][vc_column_text]<span style=\"color: #000000;\"><strong>\u10e9\u10d5\u10d4\u10dc\u10e1 \u10e8\u10d4\u10e1\u10d0\u10ee\u10d4\u10d1<\/strong><\/span><br \/>\n<span style=\"color: #000000;\">Egece Transport, \u10e0\u10dd\u10db\u10d4\u10da\u10d8\u10ea \u10d3\u10d0\u10e4\u10e3\u10eb\u10dc\u10d4\u10d1\u10e3\u10da\u10d8\u10d0 \u10d8\u10d6\u10db\u10d8\u10e0\u10e8\u10d8 &#8211; \u10d7\u10e3\u10e0\u10e5\u10d4\u10d7\u10e8\u10d8, \u10db\u10d8\u10d6\u10dc\u10d0\u10d3 \u10d8\u10e1\u10d0\u10ee\u10d0\u10d5\u10e1 \u10d8\u10e7\u10dd\u10e1 \u10e1\u10d0\u10e2\u10e0\u10d0\u10dc\u10e1\u10de\u10dd\u10e0\u10e2\u10dd \u10e1\u10d4\u10e5\u10e2\u10dd\u10e0\u10d8\u10e1 \u10d0\u10ee\u10d0\u10da\u10d8 \u10d0\u10e6\u10db\u10d0\u10d5\u10da\u10dd\u10d1\u10d0 \u10d3\u10d0 2022 \u10ec\u10d4\u10da\u10e1 \u10d3\u10d0\u10d8\u10ec\u10e7\u10dd \u10d7\u10e5\u10d5\u10d4\u10dc\u10d7\u10d5\u10d8\u10e1 \u10d7\u10d0\u10d5\u10d8\u10e1\u10d8 \u10db\u10e0\u10d0\u10d5\u10d0\u10da\u10ec\u10da\u10d8\u10d0\u10dc\u10d8 \u10d2\u10d0\u10db\u10dd\u10ea\u10d3\u10d8\u10da\u10d4\u10d1\u10d8\u10e1 \u10e8\u10d4\u10d7\u10d0\u10d5\u10d0\u10d6\u10d4\u10d1\u10d0 \u10d7\u10d0\u10d5\u10d8\u10e1\u10d8 \u10d4\u10e5\u10e1\u10de\u10d4\u10e0\u10e2\u10d8 \u10de\u10d4\u10e0\u10e1\u10dd\u10dc\u10d0\u10da\u10d8\u10d7. \u10d7\u10e5\u10d5\u10d4\u10dc\u10d2\u10d0\u10dc \u10db\u10dd\u10d9\u10da\u10d4 \u10d3\u10e0\u10dd\u10e8\u10d8 \u10db\u10d8\u10e6\u10d4\u10d1\u10e3\u10da\u10d8 \u10db\u10ee\u10d0\u10e0\u10d3\u10d0\u10ed\u10d4\u10e0\u10d8\u10d7, \u10e9\u10d5\u10d4\u10dc \u10e7\u10dd\u10d5\u10d4\u10da\u10d3\u10e6\u10d8\u10e3\u10e0\u10d0\u10d3 \u10d5\u10d0\u10db\u10d0\u10e2\u10d4\u10d1\u10d7 \u10d0\u10ee\u10d0\u10da \u10d1\u10e0\u10d4\u10dc\u10d3\u10d4\u10d1\u10e1 \u10e9\u10d5\u10d4\u10dc\u10e1 \u10ea\u10dc\u10dd\u10d1\u10d0\u10e0\u10d4\u10d1\u10e1 \u10d3\u10e0\u10dd\u10e3\u10da\u10d8, \u10e3\u10e1\u10d0\u10e4\u10e0\u10d7\u10ee\u10dd \u10d3\u10d0 \u10e3\u10de\u10e0\u10dd\u10d1\u10da\u10d4\u10db\u10dd \u10e2\u10e0\u10d0\u10dc\u10e1\u10de\u10dd\u10e0\u10e2\u10d8\u10e0\u10d4\u10d1\u10d8\u10e1 \u10e1\u10d4\u10e0\u10d5\u10d8\u10e1\u10d8\u10d7.<\/span><\/p>\n<p><span style=\"color: #000000;\">\u10e9\u10d5\u10d4\u10dc\u10d8 \u10d9\u10dd\u10db\u10de\u10d0\u10dc\u10d8\u10d0, \u10e0\u10dd\u10db\u10d4\u10da\u10d8\u10ea \u10d2\u10da\u10dd\u10d1\u10d0\u10da\u10e3\u10e0 \u10db\u10ee\u10d0\u10e0\u10d3\u10d0\u10ed\u10d4\u10e0\u10d0\u10e1 \u10e3\u10ec\u10d4\u10d5\u10e1 \u10d1\u10e0\u10d4\u10dc\u10d3\u10d4\u10d1\u10e1 \u10da\u10dd\u10ef\u10d8\u10e1\u10e2\u10d8\u10d9\u10d8\u10e1 \u10e1\u10e4\u10d4\u10e0\u10dd\u10e8\u10d8, \u10d0\u10d8\u10e6\u10dd \u10e2\u10d4\u10e5\u10dc\u10dd\u10da\u10dd\u10d2\u10d8\u10d8\u10e1 \u10d2\u10d0\u10dc\u10d5\u10d8\u10d7\u10d0\u10e0\u10d4\u10d1\u10d8\u10e1 \u10eb\u10d0\u10da\u10d0, \u10e6\u10d8\u10d0\u10d0 \u10d8\u10dc\u10dd\u10d5\u10d0\u10ea\u10d8\u10d4\u10d1\u10d8\u10e1\u10d0 \u10d3\u10d0 \u10d2\u10d0\u10dc\u10d5\u10d8\u10d7\u10d0\u10e0\u10d4\u10d1\u10d8\u10e1\u10d7\u10d5\u10d8\u10e1 \u10d3\u10d0 \u10e7\u10dd\u10d5\u10d4\u10da\u10d7\u10d5\u10d8\u10e1 \u10d6\u10e0\u10e3\u10dc\u10d0\u10d5\u10e1, \u10e0\u10dd\u10db \u10d4\u10e0\u10d7\u10d8 \u10dc\u10d0\u10d1\u10d8\u10ef\u10d8\u10d7 \u10ec\u10d8\u10dc \u10d8\u10e7\u10dd. \u10e9\u10d5\u10d4\u10dc\u10d8 \u10d1\u10e0\u10d4\u10dc\u10d3\u10d8 \u10d0\u10d2\u10e0\u10eb\u10d4\u10da\u10d4\u10d1\u10e1 \u10ec\u10d5\u10da\u10d8\u10da\u10d8\u10e1 \u10e8\u10d4\u10e2\u10d0\u10dc\u10d0\u10e1 \u10d4\u10e0\u10dd\u10d5\u10dc\u10e3\u10da \u10d4\u10d9\u10dd\u10dc\u10dd\u10db\u10d8\u10d9\u10d0\u10e1\u10d0 \u10d3\u10d0 \u10e9\u10d5\u10d4\u10dc\u10e1 \u10d8\u10dc\u10d3\u10e3\u10e1\u10e2\u10e0\u10d8\u10d0\u10e8\u10d8 \u10e3\u10ea\u10ee\u10dd\u10d4\u10da\u10d8 \u10d8\u10dc\u10d5\u10d4\u10e1\u10e2\u10dd\u10e0\u10d4\u10d1\u10d8\u10e1 \u10dc\u10d3\u10dd\u10d1\u10d8\u10e1 \u10db\u10dd\u10de\u10dd\u10d5\u10d4\u10d1\u10d8\u10d7 \u10e9\u10d5\u10d4\u10dc\u10e1 \u10e5\u10d5\u10d4\u10e7\u10d0\u10dc\u10d0\u10e8\u10d8, \u10e0\u10dd\u10db\u10d4\u10da\u10d8\u10ea \u10ec\u10d0\u10e0\u10db\u10dd\u10d0\u10d3\u10d2\u10d4\u10dc\u10e1 \u10db\u10dc\u10d8\u10e8\u10d5\u10dc\u10d4\u10da\u10dd\u10d5\u10d0\u10dc \u10ee\u10d8\u10d3\u10d8 \u10d4\u10d5\u10e0\u10dd\u10de\u10d0\u10e1\u10d0 \u10d3\u10d0 \u10d0\u10d6\u10d8\u10d0\u10e1 \u10e8\u10dd\u10e0\u10d8\u10e1, \u10da\u10dd\u10ef\u10d8\u10e1\u10e2\u10d8\u10d9\u10d8\u10e1 \u10e1\u10e4\u10d4\u10e0\u10dd\u10e8\u10d8. \u10d4\u10d9\u10dd\u10dc\u10dd\u10db\u10d8\u10e3\u10e0\u10d8 \u10d2\u10d0\u10d3\u10d0\u10ec\u10e7\u10d5\u10d4\u10e2\u10d8\u10da\u10d4\u10d1\u10d4\u10d1\u10d8\u10e1 \u10e8\u10d4\u10d7\u10d0\u10d5\u10d0\u10d6\u10d4\u10d1\u10d8\u10e1 \u10d2\u10d0\u10e0\u10d3\u10d0, \u10db\u10d0\u10dc \u10d3\u10d0\u10dc\u10d4\u10e0\u10d2\u10d0 \u10d3\u10e0\u10dd\u10e3\u10da\u10d8 \u10d3\u10d0 \u10e3\u10de\u10e0\u10dd\u10d1\u10da\u10d4\u10db\u10dd\u10d3 \u10db\u10d8\u10ec\u10dd\u10d3\u10d4\u10d1\u10d8\u10e1 \u10de\u10dd\u10da\u10d8\u10e2\u10d8\u10d9\u10d0 \u10d0\u10d5\u10e2\u10dd\u10db\u10dd\u10d1\u10d8\u10da\u10d8\u10e1 \u10e8\u10d4\u10e0\u10e9\u10d4\u10d5\u10d0\u10e8\u10d8.<\/span><\/p>\n<p><span style=\"color: #000000;\"><strong>\u1ca9\u10d5\u10d4\u10dc\u10d8 \u10db\u10d8\u10e1\u10d8\u10d0;<\/strong><\/span><br \/>\n<span style=\"color: #000000;\">\u10e2\u10e0\u10d0\u10dc\u10e1\u10de\u10dd\u10e0\u10e2\u10d8\u10e0\u10d4\u10d1\u10d8\u10e1 \u10e1\u10e4\u10d4\u10e0\u10dd\u10e8\u10d8 \u10d3\u10e6\u10d4\u10d5\u10d0\u10dc\u10d3\u10d4\u10da\u10d8 \u10de\u10d8\u10e0\u10dd\u10d1\u10d4\u10d1\u10d8\u10e1 \u10d2\u10d0\u10d7\u10d5\u10d0\u10da\u10d8\u10e1\u10ec\u10d8\u10dc\u10d4\u10d1\u10d8\u10d7, \u10e9\u10d5\u10d4\u10dc \u10d5\u10d0\u10d2\u10e0\u10eb\u10d4\u10da\u10d4\u10d1\u10d7 \u10e1\u10d4\u10e5\u10e2\u10dd\u10e0\u10e8\u10d8 \u10d2\u10d0\u10d3\u10d0\u10ec\u10e7\u10d5\u10d4\u10e2\u10d8\u10da\u10d4\u10d1\u10d4\u10d1\u10d8\u10e1 \u10e8\u10d4\u10d7\u10d0\u10d5\u10d0\u10d6\u10d4\u10d1\u10d0\u10e1 \u10d3\u10e0\u10dd\u10e3\u10da\u10d8, \u10e3\u10e1\u10d0\u10e4\u10e0\u10d7\u10ee\u10dd \u10d3\u10d0 \u10e3\u10de\u10e0\u10dd\u10d1\u10da\u10d4\u10db\u10dd \u10e1\u10d4\u10e0\u10d5\u10d8\u10e1\u10d8\u10e1 \u10db\u10d8\u10ec\u10dd\u10d3\u10d4\u10d1\u10d8\u10d7, \u10d1\u10e0\u10d4\u10dc\u10d3\u10d4\u10d1\u10d8\u10e1 \u10d4\u10d9\u10dd\u10dc\u10dd\u10db\u10d8\u10d9\u10e3\u10e0\u10d8 \u10d8\u10dc\u10e2\u10d4\u10e0\u10d4\u10e1\u10d4\u10d1\u10d8\u10e1 \u10d2\u10d0\u10d7\u10d5\u10d0\u10da\u10d8\u10e1\u10ec\u10d8\u10dc\u10d4\u10d1\u10d8\u10d7.<\/span><\/p>\n<p><span style=\"color: #000000;\"><strong>\u1ca9\u10d5\u10d4\u10dc\u10d8 \u10ee\u10d4\u10d3\u10d5\u10d0;<\/strong><\/span><br \/>\n<span style=\"color: #000000;\">\u10d5\u10d8\u10e7\u10dd\u10d7 \u10e1\u10d0\u10e2\u10e0\u10d0\u10dc\u10e1\u10de\u10dd\u10e0\u10e2\u10dd \u10e1\u10d4\u10e5\u10e2\u10dd\u10e0\u10e8\u10d8 \u10db\u10dd\u10db\u10d0\u10d5\u10da\u10d8\u10e1 \u10d1\u10e0\u10d4\u10dc\u10d3\u10d4\u10d1\u10e1 \u10e8\u10dd\u10e0\u10d8\u10e1, \u10e8\u10d4\u10d5\u10d7\u10d0\u10d5\u10d0\u10d6\u10dd\u10d7 \u10d1\u10e0\u10d4\u10dc\u10d3\u10d4\u10d1\u10e1 \u10db\u10d0\u10e5\u10e1\u10d8\u10db\u10d0\u10da\u10e3\u10e0\u10d8 \u10e1\u10d4\u10e0\u10d5\u10d8\u10e1\u10d8 \u10db\u10d8\u10dc\u10d8\u10db\u10d0\u10da\u10e3\u10e0\u10d8 \u10db\u10dd\u10d2\u10d4\u10d1\u10d8\u10e1 \u10db\u10d0\u10e9\u10d5\u10d4\u10dc\u10d4\u10d1\u10da\u10d8\u10d7 \u10d3\u10d0 \u10d4\u10e0\u10d7\u10d8 \u10dc\u10d0\u10d1\u10d8\u10ef\u10d8\u10d7 \u10db\u10d8\u10d5\u10e3\u10d0\u10ee\u10da\u10dd\u10d5\u10d3\u10d4\u10d7 \u10e9\u10d5\u10d4\u10dc\u10e1 \u10db\u10d8\u10d6\u10d0\u10dc\u10e1, \u10d2\u10d0\u10d5\u10ee\u10d3\u10d4\u10d7 \u10d1\u10e0\u10d4\u10dc\u10d3\u10d8 \u10e7\u10dd\u10d5\u10d4\u10da\u10d3\u10e6\u10d4&#8230;<\/span>[\/vc_column_text][\/vc_column][\/vc_row]<\/p>\n<\/section>","protected":false},"excerpt":{"rendered":"<p>[vc_row][vc_column][vc_column_text]\u10e9\u10d5\u10d4\u10dc\u10e1 \u10e8\u10d4\u10e1\u10d0\u10ee\u10d4\u10d1 Egece Transport, \u10e0\u10dd\u10db\u10d4\u10da\u10d8\u10ea \u10d3\u10d0\u10e4\u10e3\u10eb\u10dc\u10d4\u10d1\u10e3\u10da\u10d8\u10d0 \u10d8\u10d6\u10db\u10d8\u10e0\u10e8\u10d8 &#8211; \u10d7\u10e3\u10e0\u10e5\u10d4\u10d7\u10e8\u10d8, \u10db\u10d8\u10d6\u10dc\u10d0\u10d3 \u10d8\u10e1\u10d0\u10ee\u10d0\u10d5\u10e1 \u10d8\u10e7\u10dd\u10e1 \u10e1\u10d0\u10e2\u10e0\u10d0\u10dc\u10e1\u10de\u10dd\u10e0\u10e2\u10dd \u10e1\u10d4\u10e5\u10e2\u10dd\u10e0\u10d8\u10e1 \u10d0\u10ee\u10d0\u10da\u10d8 \u10d0\u10e6\u10db\u10d0\u10d5\u10da\u10dd\u10d1\u10d0 \u10d3\u10d0 2022 \u10ec\u10d4\u10da\u10e1 \u10d3\u10d0\u10d8\u10ec\u10e7\u10dd \u10d7\u10e5\u10d5\u10d4\u10dc\u10d7\u10d5\u10d8\u10e1 \u10d7\u10d0\u10d5\u10d8\u10e1\u10d8 \u10db\u10e0\u10d0\u10d5\u10d0\u10da\u10ec\u10da\u10d8\u10d0\u10dc\u10d8 \u10d2\u10d0\u10db\u10dd\u10ea\u10d3\u10d8\u10da\u10d4\u10d1\u10d8\u10e1 \u10e8\u10d4\u10d7\u10d0\u10d5\u10d0\u10d6\u10d4\u10d1\u10d0 \u10d7\u10d0\u10d5\u10d8\u10e1\u10d8 \u10d4\u10e5\u10e1\u10de\u10d4\u10e0\u10e2\u10d8 \u10de\u10d4\u10e0\u10e1\u10dd\u10dc\u10d0\u10da\u10d8\u10d7. \u10d7\u10e5\u10d5\u10d4\u10dc\u10d2\u10d0\u10dc \u10db\u10dd\u10d9\u10da\u10d4 \u10d3\u10e0\u10dd\u10e8\u10d8 \u10db\u10d8\u10e6\u10d4\u10d1\u10e3\u10da\u10d8 \u10db\u10ee\u10d0\u10e0\u10d3\u10d0\u10ed\u10d4\u10e0\u10d8\u10d7, \u10e9\u10d5\u10d4\u10dc \u10e7\u10dd\u10d5\u10d4\u10da\u10d3\u10e6\u10d8\u10e3\u10e0\u10d0\u10d3 \u10d5\u10d0\u10db\u10d0\u10e2\u10d4\u10d1\u10d7 \u10d0\u10ee\u10d0\u10da \u10d1\u10e0\u10d4\u10dc\u10d3\u10d4\u10d1\u10e1 \u10e9\u10d5\u10d4\u10dc\u10e1 \u10ea\u10dc\u10dd\u10d1\u10d0\u10e0\u10d4\u10d1\u10e1 \u10d3\u10e0\u10dd\u10e3\u10da\u10d8, \u10e3\u10e1\u10d0\u10e4\u10e0\u10d7\u10ee\u10dd \u10d3\u10d0 \u10e3\u10de\u10e0\u10dd\u10d1\u10da\u10d4\u10db\u10dd \u10e2\u10e0\u10d0\u10dc\u10e1\u10de\u10dd\u10e0\u10e2\u10d8\u10e0\u10d4\u10d1\u10d8\u10e1 \u10e1\u10d4\u10e0\u10d5\u10d8\u10e1\u10d8\u10d7. \u10e9\u10d5\u10d4\u10dc\u10d8 \u10d9\u10dd\u10db\u10de\u10d0\u10dc\u10d8\u10d0, \u10e0\u10dd\u10db\u10d4\u10da\u10d8\u10ea \u10d2\u10da\u10dd\u10d1\u10d0\u10da\u10e3\u10e0 \u10db\u10ee\u10d0\u10e0\u10d3\u10d0\u10ed\u10d4\u10e0\u10d0\u10e1 \u10e3\u10ec\u10d4\u10d5\u10e1 \u10d1\u10e0\u10d4\u10dc\u10d3\u10d4\u10d1\u10e1 \u10da\u10dd\u10ef\u10d8\u10e1\u10e2\u10d8\u10d9\u10d8\u10e1 \u10e1\u10e4\u10d4\u10e0\u10dd\u10e8\u10d8, [&hellip;]<\/p>\n","protected":false},"author":1,"featured_media":0,"parent":0,"menu_order":0,"comment_status":"closed","ping_status":"closed","template":"","meta":[],"yoast_head":"<!-- This site is optimized with the Yoast SEO plugin v19.13 - https:\/\/yoast.com\/wordpress\/plugins\/seo\/ -->\n<title>\u10e9\u10d5\u10d4\u10dc\u10e1 \u10e8\u10d4\u10e1\u10d0\u10ee\u10d4\u10d1 - Alper \u0130\u00e7\u00f6z Transport<\/title>\n<meta name=\"robots\" content=\"index, follow, max-snippet:-1, max-image-preview:large, max-video-preview:-1\" \/>\n<link rel=\"canonical\" href=\"https:\/\/alpericoztransport.com\/hakkimizda\/\" \/>\n<meta property=\"og:locale\" content=\"ka_GE\" \/>\n<meta property=\"og:type\" content=\"article\" \/>\n<meta property=\"og:title\" content=\"\u10e9\u10d5\u10d4\u10dc\u10e1 \u10e8\u10d4\u10e1\u10d0\u10ee\u10d4\u10d1\" \/>\n<meta property=\"og:description\" content=\"[vc_row][vc_column][vc_column_text]\u10e9\u10d5\u10d4\u10dc\u10e1 \u10e8\u10d4\u10e1\u10d0\u10ee\u10d4\u10d1 Egece Transport, \u10e0\u10dd\u10db\u10d4\u10da\u10d8\u10ea \u10d3\u10d0\u10e4\u10e3\u10eb\u10dc\u10d4\u10d1\u10e3\u10da\u10d8\u10d0 \u10d8\u10d6\u10db\u10d8\u10e0\u10e8\u10d8 &#8211; \u10d7\u10e3\u10e0\u10e5\u10d4\u10d7\u10e8\u10d8, \u10db\u10d8\u10d6\u10dc\u10d0\u10d3 \u10d8\u10e1\u10d0\u10ee\u10d0\u10d5\u10e1 \u10d8\u10e7\u10dd\u10e1 \u10e1\u10d0\u10e2\u10e0\u10d0\u10dc\u10e1\u10de\u10dd\u10e0\u10e2\u10dd \u10e1\u10d4\u10e5\u10e2\u10dd\u10e0\u10d8\u10e1 \u10d0\u10ee\u10d0\u10da\u10d8 \u10d0\u10e6\u10db\u10d0\u10d5\u10da\u10dd\u10d1\u10d0 \u10d3\u10d0 2022 \u10ec\u10d4\u10da\u10e1 \u10d3\u10d0\u10d8\u10ec\u10e7\u10dd \u10d7\u10e5\u10d5\u10d4\u10dc\u10d7\u10d5\u10d8\u10e1 \u10d7\u10d0\u10d5\u10d8\u10e1\u10d8 \u10db\u10e0\u10d0\u10d5\u10d0\u10da\u10ec\u10da\u10d8\u10d0\u10dc\u10d8 \u10d2\u10d0\u10db\u10dd\u10ea\u10d3\u10d8\u10da\u10d4\u10d1\u10d8\u10e1 \u10e8\u10d4\u10d7\u10d0\u10d5\u10d0\u10d6\u10d4\u10d1\u10d0 \u10d7\u10d0\u10d5\u10d8\u10e1\u10d8 \u10d4\u10e5\u10e1\u10de\u10d4\u10e0\u10e2\u10d8 \u10de\u10d4\u10e0\u10e1\u10dd\u10dc\u10d0\u10da\u10d8\u10d7. \u10d7\u10e5\u10d5\u10d4\u10dc\u10d2\u10d0\u10dc \u10db\u10dd\u10d9\u10da\u10d4 \u10d3\u10e0\u10dd\u10e8\u10d8 \u10db\u10d8\u10e6\u10d4\u10d1\u10e3\u10da\u10d8 \u10db\u10ee\u10d0\u10e0\u10d3\u10d0\u10ed\u10d4\u10e0\u10d8\u10d7, \u10e9\u10d5\u10d4\u10dc \u10e7\u10dd\u10d5\u10d4\u10da\u10d3\u10e6\u10d8\u10e3\u10e0\u10d0\u10d3 \u10d5\u10d0\u10db\u10d0\u10e2\u10d4\u10d1\u10d7 \u10d0\u10ee\u10d0\u10da \u10d1\u10e0\u10d4\u10dc\u10d3\u10d4\u10d1\u10e1 \u10e9\u10d5\u10d4\u10dc\u10e1 \u10ea\u10dc\u10dd\u10d1\u10d0\u10e0\u10d4\u10d1\u10e1 \u10d3\u10e0\u10dd\u10e3\u10da\u10d8, \u10e3\u10e1\u10d0\u10e4\u10e0\u10d7\u10ee\u10dd \u10d3\u10d0 \u10e3\u10de\u10e0\u10dd\u10d1\u10da\u10d4\u10db\u10dd \u10e2\u10e0\u10d0\u10dc\u10e1\u10de\u10dd\u10e0\u10e2\u10d8\u10e0\u10d4\u10d1\u10d8\u10e1 \u10e1\u10d4\u10e0\u10d5\u10d8\u10e1\u10d8\u10d7. \u10e9\u10d5\u10d4\u10dc\u10d8 \u10d9\u10dd\u10db\u10de\u10d0\u10dc\u10d8\u10d0, \u10e0\u10dd\u10db\u10d4\u10da\u10d8\u10ea \u10d2\u10da\u10dd\u10d1\u10d0\u10da\u10e3\u10e0 \u10db\u10ee\u10d0\u10e0\u10d3\u10d0\u10ed\u10d4\u10e0\u10d0\u10e1 \u10e3\u10ec\u10d4\u10d5\u10e1 \u10d1\u10e0\u10d4\u10dc\u10d3\u10d4\u10d1\u10e1 \u10da\u10dd\u10ef\u10d8\u10e1\u10e2\u10d8\u10d9\u10d8\u10e1 \u10e1\u10e4\u10d4\u10e0\u10dd\u10e8\u10d8, [&hellip;]\" \/>\n<meta property=\"og:url\" content=\"https:\/\/alpericoztransport.com\/hakkimizda\/\" \/>\n<meta property=\"og:site_name\" content=\"Alper \u0130\u00e7\u00f6z Transport\" \/>\n<meta property=\"article:modified_time\" content=\"2023-09-01T10:01:31+00:00\" \/>\n<meta name=\"twitter:card\" content=\"summary_large_image\" \/>\n<meta name=\"twitter:label1\" content=\"Est. reading time\" \/>\n\t<meta name=\"twitter:data1\" content=\"1 \u10ec\u10e3\u10d7\u10d8\" \/>\n<script type=\"application\/ld+json\" class=\"yoast-schema-graph\">{\"@context\":\"https:\/\/schema.org\",\"@graph\":[{\"@type\":\"WebPage\",\"@id\":\"https:\/\/alpericoztransport.com\/hakkimizda\/\",\"url\":\"https:\/\/alpericoztransport.com\/hakkimizda\/\",\"name\":\"[:tr]Hakk\u0131m\u0131zda[:en]About Us[:ru]\u043e \u043d\u0430\u0441[:ge]\u10e9\u10d5\u10d4\u10dc\u10e1 \u10e8\u10d4\u10e1\u10d0\u10ee\u10d4\u10d1[:] - Alper \u0130\u00e7\u00f6z Transport\",\"isPartOf\":{\"@id\":\"https:\/\/alpericoztransport.com\/#website\"},\"datePublished\":\"2022-12-30T23:19:21+00:00\",\"dateModified\":\"2023-09-01T10:01:31+00:00\",\"breadcrumb\":{\"@id\":\"https:\/\/alpericoztransport.com\/hakkimizda\/#breadcrumb\"},\"inLanguage\":\"ka-GE\",\"potentialAction\":[{\"@type\":\"ReadAction\",\"target\":[\"https:\/\/alpericoztransport.com\/hakkimizda\/\"]}]},{\"@type\":\"BreadcrumbList\",\"@id\":\"https:\/\/alpericoztransport.com\/hakkimizda\/#breadcrumb\",\"itemListElement\":[{\"@type\":\"ListItem\",\"position\":1,\"name\":\"Anasayfa\",\"item\":\"https:\/\/alpericoztransport.com\/\"},{\"@type\":\"ListItem\",\"position\":2,\"name\":\"Hakk\u0131m\u0131zda\"}]},{\"@type\":\"WebSite\",\"@id\":\"https:\/\/alpericoztransport.com\/#website\",\"url\":\"https:\/\/alpericoztransport.com\/\",\"name\":\"www.egecetransport.com\",\"description\":\"Uluslararas\u0131 Kara - Hava ve Deniz Ta\u015f\u0131mac\u0131l\u0131\u011f\u0131\",\"publisher\":{\"@id\":\"https:\/\/alpericoztransport.com\/#organization\"},\"potentialAction\":[{\"@type\":\"SearchAction\",\"target\":{\"@type\":\"EntryPoint\",\"urlTemplate\":\"https:\/\/alpericoztransport.com\/?s={search_term_string}\"},\"query-input\":\"required name=search_term_string\"}],\"inLanguage\":\"ka-GE\"},{\"@type\":\"Organization\",\"@id\":\"https:\/\/alpericoztransport.com\/#organization\",\"name\":\"www.egecetransport.com\",\"url\":\"https:\/\/alpericoztransport.com\/\",\"logo\":{\"@type\":\"ImageObject\",\"inLanguage\":\"ka-GE\",\"@id\":\"https:\/\/alpericoztransport.com\/#\/schema\/logo\/image\/\",\"url\":\"https:\/\/egecetransport.com\/wp-content\/uploads\/2022\/12\/egece-kurumsal-logo-head.png\",\"contentUrl\":\"https:\/\/egecetransport.com\/wp-content\/uploads\/2022\/12\/egece-kurumsal-logo-head.png\",\"width\":270,\"height\":70,\"caption\":\"www.egecetransport.com\"},\"image\":{\"@id\":\"https:\/\/alpericoztransport.com\/#\/schema\/logo\/image\/\"}}]}<\/script>\n<!-- \/ Yoast SEO plugin. -->","yoast_head_json":{"title":"\u10e9\u10d5\u10d4\u10dc\u10e1 \u10e8\u10d4\u10e1\u10d0\u10ee\u10d4\u10d1 - Alper \u0130\u00e7\u00f6z Transport","robots":{"index":"index","follow":"follow","max-snippet":"max-snippet:-1","max-image-preview":"max-image-preview:large","max-video-preview":"max-video-preview:-1"},"canonical":"https:\/\/alpericoztransport.com\/hakkimizda\/","og_locale":"ka_GE","og_type":"article","og_title":"[:tr]Hakk\u0131m\u0131zda[:en]About Us[:ru]\u043e \u043d\u0430\u0441[:ge]\u10e9\u10d5\u10d4\u10dc\u10e1 \u10e8\u10d4\u10e1\u10d0\u10ee\u10d4\u10d1[:] - Alper \u0130\u00e7\u00f6z Transport","og_description":"[vc_row][vc_column][vc_column_text]\u10e9\u10d5\u10d4\u10dc\u10e1 \u10e8\u10d4\u10e1\u10d0\u10ee\u10d4\u10d1 Egece Transport, \u10e0\u10dd\u10db\u10d4\u10da\u10d8\u10ea \u10d3\u10d0\u10e4\u10e3\u10eb\u10dc\u10d4\u10d1\u10e3\u10da\u10d8\u10d0 \u10d8\u10d6\u10db\u10d8\u10e0\u10e8\u10d8 &#8211; \u10d7\u10e3\u10e0\u10e5\u10d4\u10d7\u10e8\u10d8, \u10db\u10d8\u10d6\u10dc\u10d0\u10d3 \u10d8\u10e1\u10d0\u10ee\u10d0\u10d5\u10e1 \u10d8\u10e7\u10dd\u10e1 \u10e1\u10d0\u10e2\u10e0\u10d0\u10dc\u10e1\u10de\u10dd\u10e0\u10e2\u10dd \u10e1\u10d4\u10e5\u10e2\u10dd\u10e0\u10d8\u10e1 \u10d0\u10ee\u10d0\u10da\u10d8 \u10d0\u10e6\u10db\u10d0\u10d5\u10da\u10dd\u10d1\u10d0 \u10d3\u10d0 2022 \u10ec\u10d4\u10da\u10e1 \u10d3\u10d0\u10d8\u10ec\u10e7\u10dd \u10d7\u10e5\u10d5\u10d4\u10dc\u10d7\u10d5\u10d8\u10e1 \u10d7\u10d0\u10d5\u10d8\u10e1\u10d8 \u10db\u10e0\u10d0\u10d5\u10d0\u10da\u10ec\u10da\u10d8\u10d0\u10dc\u10d8 \u10d2\u10d0\u10db\u10dd\u10ea\u10d3\u10d8\u10da\u10d4\u10d1\u10d8\u10e1 \u10e8\u10d4\u10d7\u10d0\u10d5\u10d0\u10d6\u10d4\u10d1\u10d0 \u10d7\u10d0\u10d5\u10d8\u10e1\u10d8 \u10d4\u10e5\u10e1\u10de\u10d4\u10e0\u10e2\u10d8 \u10de\u10d4\u10e0\u10e1\u10dd\u10dc\u10d0\u10da\u10d8\u10d7. \u10d7\u10e5\u10d5\u10d4\u10dc\u10d2\u10d0\u10dc \u10db\u10dd\u10d9\u10da\u10d4 \u10d3\u10e0\u10dd\u10e8\u10d8 \u10db\u10d8\u10e6\u10d4\u10d1\u10e3\u10da\u10d8 \u10db\u10ee\u10d0\u10e0\u10d3\u10d0\u10ed\u10d4\u10e0\u10d8\u10d7, \u10e9\u10d5\u10d4\u10dc \u10e7\u10dd\u10d5\u10d4\u10da\u10d3\u10e6\u10d8\u10e3\u10e0\u10d0\u10d3 \u10d5\u10d0\u10db\u10d0\u10e2\u10d4\u10d1\u10d7 \u10d0\u10ee\u10d0\u10da \u10d1\u10e0\u10d4\u10dc\u10d3\u10d4\u10d1\u10e1 \u10e9\u10d5\u10d4\u10dc\u10e1 \u10ea\u10dc\u10dd\u10d1\u10d0\u10e0\u10d4\u10d1\u10e1 \u10d3\u10e0\u10dd\u10e3\u10da\u10d8, \u10e3\u10e1\u10d0\u10e4\u10e0\u10d7\u10ee\u10dd \u10d3\u10d0 \u10e3\u10de\u10e0\u10dd\u10d1\u10da\u10d4\u10db\u10dd \u10e2\u10e0\u10d0\u10dc\u10e1\u10de\u10dd\u10e0\u10e2\u10d8\u10e0\u10d4\u10d1\u10d8\u10e1 \u10e1\u10d4\u10e0\u10d5\u10d8\u10e1\u10d8\u10d7. \u10e9\u10d5\u10d4\u10dc\u10d8 \u10d9\u10dd\u10db\u10de\u10d0\u10dc\u10d8\u10d0, \u10e0\u10dd\u10db\u10d4\u10da\u10d8\u10ea \u10d2\u10da\u10dd\u10d1\u10d0\u10da\u10e3\u10e0 \u10db\u10ee\u10d0\u10e0\u10d3\u10d0\u10ed\u10d4\u10e0\u10d0\u10e1 \u10e3\u10ec\u10d4\u10d5\u10e1 \u10d1\u10e0\u10d4\u10dc\u10d3\u10d4\u10d1\u10e1 \u10da\u10dd\u10ef\u10d8\u10e1\u10e2\u10d8\u10d9\u10d8\u10e1 \u10e1\u10e4\u10d4\u10e0\u10dd\u10e8\u10d8, [&hellip;]","og_url":"https:\/\/alpericoztransport.com\/hakkimizda\/","og_site_name":"Alper \u0130\u00e7\u00f6z Transport","article_modified_time":"2023-09-01T10:01:31+00:00","twitter_card":"summary_large_image","twitter_misc":{"Est. reading time":"1 \u10ec\u10e3\u10d7\u10d8"},"schema":{"@context":"https:\/\/schema.org","@graph":[{"@type":"WebPage","@id":"https:\/\/alpericoztransport.com\/hakkimizda\/","url":"https:\/\/alpericoztransport.com\/hakkimizda\/","name":"[:tr]Hakk\u0131m\u0131zda[:en]About Us[:ru]\u043e \u043d\u0430\u0441[:ge]\u10e9\u10d5\u10d4\u10dc\u10e1 \u10e8\u10d4\u10e1\u10d0\u10ee\u10d4\u10d1[:] - Alper \u0130\u00e7\u00f6z Transport","isPartOf":{"@id":"https:\/\/alpericoztransport.com\/#website"},"datePublished":"2022-12-30T23:19:21+00:00","dateModified":"2023-09-01T10:01:31+00:00","breadcrumb":{"@id":"https:\/\/alpericoztransport.com\/hakkimizda\/#breadcrumb"},"inLanguage":"ka-GE","potentialAction":[{"@type":"ReadAction","target":["https:\/\/alpericoztransport.com\/hakkimizda\/"]}]},{"@type":"BreadcrumbList","@id":"https:\/\/alpericoztransport.com\/hakkimizda\/#breadcrumb","itemListElement":[{"@type":"ListItem","position":1,"name":"Anasayfa","item":"https:\/\/alpericoztransport.com\/"},{"@type":"ListItem","position":2,"name":"Hakk\u0131m\u0131zda"}]},{"@type":"WebSite","@id":"https:\/\/alpericoztransport.com\/#website","url":"https:\/\/alpericoztransport.com\/","name":"www.egecetransport.com","description":"Uluslararas\u0131 Kara - Hava ve Deniz Ta\u015f\u0131mac\u0131l\u0131\u011f\u0131","publisher":{"@id":"https:\/\/alpericoztransport.com\/#organization"},"potentialAction":[{"@type":"SearchAction","target":{"@type":"EntryPoint","urlTemplate":"https:\/\/alpericoztransport.com\/?s={search_term_string}"},"query-input":"required name=search_term_string"}],"inLanguage":"ka-GE"},{"@type":"Organization","@id":"https:\/\/alpericoztransport.com\/#organization","name":"www.egecetransport.com","url":"https:\/\/alpericoztransport.com\/","logo":{"@type":"ImageObject","inLanguage":"ka-GE","@id":"https:\/\/alpericoztransport.com\/#\/schema\/logo\/image\/","url":"https:\/\/egecetransport.com\/wp-content\/uploads\/2022\/12\/egece-kurumsal-logo-head.png","contentUrl":"https:\/\/egecetransport.com\/wp-content\/uploads\/2022\/12\/egece-kurumsal-logo-head.png","width":270,"height":70,"caption":"www.egecetransport.com"},"image":{"@id":"https:\/\/alpericoztransport.com\/#\/schema\/logo\/image\/"}}]}},"_links":{"self":[{"href":"https:\/\/alpericoztransport.com\/ge\/wp-json\/wp\/v2\/pages\/5955"}],"collection":[{"href":"https:\/\/alpericoztransport.com\/ge\/wp-json\/wp\/v2\/pages"}],"about":[{"href":"https:\/\/alpericoztransport.com\/ge\/wp-json\/wp\/v2\/types\/page"}],"author":[{"embeddable":true,"href":"https:\/\/alpericoztransport.com\/ge\/wp-json\/wp\/v2\/users\/1"}],"replies":[{"embeddable":true,"href":"https:\/\/alpericoztransport.com\/ge\/wp-json\/wp\/v2\/comments?post=5955"}],"version-history":[{"count":10,"href":"https:\/\/alpericoztransport.com\/ge\/wp-json\/wp\/v2\/pages\/5955\/revisions"}],"predecessor-version":[{"id":6192,"href":"https:\/\/alpericoztransport.com\/ge\/wp-json\/wp\/v2\/pages\/5955\/revisions\/6192"}],"wp:attachment":[{"href":"https:\/\/alpericoztransport.com\/ge\/wp-json\/wp\/v2\/media?parent=5955"}],"curies":[{"name":"wp","href":"https:\/\/api.w.org\/{rel}","templated":true}]}}