{"id":6026,"date":"2023-01-03T14:04:54","date_gmt":"2023-01-03T14:04:54","guid":{"rendered":"https:\/\/alpericoztransport.com\/?page_id=6026"},"modified":"2023-09-01T09:52:41","modified_gmt":"2023-09-01T09:52:41","slug":"havayolu-tasimaciligi","status":"publish","type":"page","link":"https:\/\/alpericoztransport.com\/ge\/havayolu-tasimaciligi\/","title":{"rendered":"\u10e1\u10d0\u10f0\u10d0\u10d4\u10e0\u10dd \u10d2\u10d6\u10d4\u10d1\u10d8\u10e1 \u10e2\u10e0\u10d0\u10dc\u10e1\u10de\u10dd\u10e0\u10e2\u10d8\u10e0\u10d4\u10d1\u10d0"},"content":{"rendered":"<section class=\"wpb-content-wrapper\"><p>[vc_row][vc_column][vc_column_text]<\/p>\n<p style=\"text-align: left;\"><span style=\"color: #000000;\"><strong><img decoding=\"async\" loading=\"lazy\" class=\"alignleft wp-image-6110 size-medium\" src=\"https:\/\/alpericoztransport.com\/wp-content\/uploads\/2023\/01\/hava-ge-300x200.jpg\" alt=\"\" width=\"300\" height=\"200\" srcset=\"https:\/\/alpericoztransport.com\/wp-content\/uploads\/2023\/01\/hava-ge-300x200.jpg 300w, https:\/\/alpericoztransport.com\/wp-content\/uploads\/2023\/01\/hava-ge-524x349.jpg 524w, https:\/\/alpericoztransport.com\/wp-content\/uploads\/2023\/01\/hava-ge.jpg 600w\" sizes=\"(max-width: 300px) 100vw, 300px\" \/>\u10e1\u10d0\u10f0\u10d0\u10d4\u10e0\u10dd \u10d2\u10d6\u10d4\u10d1\u10d8\u10e1 \u10e2\u10e0\u10d0\u10dc\u10e1\u10de\u10dd\u10e0\u10e2\u10d8\u10e0\u10d4\u10d1\u10d0<\/strong><\/span><\/p>\n<p><span style=\"color: #000000;\">\u10e9\u10d5\u10d4\u10dc\u10d8 \u10d1\u10e0\u10d4\u10dc\u10d3\u10d8, \u10e0\u10dd\u10db\u10d4\u10da\u10d8\u10ea \u10db\u10d8\u10d6\u10dc\u10d0\u10d3 \u10d8\u10e1\u10d0\u10ee\u10d0\u10d5\u10e1 \u10d4\u10d9\u10dd\u10dc\u10dd\u10db\u10d8\u10e3\u10e0\u10d8 \u10d2\u10d0\u10d3\u10d0\u10ec\u10e7\u10d5\u10d4\u10e2\u10d8\u10da\u10d4\u10d1\u10d4\u10d1\u10d8\u10e1 \u10db\u10d8\u10ec\u10dd\u10d3\u10d4\u10d1\u10d0\u10e1 \u10e1\u10d0\u10f0\u10d0\u10d4\u10e0\u10dd \u10d2\u10d0\u10d3\u10d0\u10d6\u10d8\u10d3\u10d5\u10d4\u10d1\u10e8\u10d8, \u10db\u10e3\u10e8\u10d0\u10dd\u10d1\u10e1 \u10da\u10dd\u10ef\u10d8\u10e1\u10e2\u10d8\u10d9\u10d8\u10e1 \u10e7\u10d5\u10d4\u10da\u10d0 \u10e1\u10e4\u10d4\u10e0\u10dd\u10e8\u10d8, \u10e0\u10d0\u10d7\u10d0 \u10e3\u10d6\u10e0\u10e3\u10dc\u10d5\u10d4\u10da\u10e7\u10dd\u10e1 \u10d7\u10e5\u10d5\u10d4\u10dc\u10d8 \u10da\u10dd\u10d2\u10d8\u10e1\u10e2\u10d8\u10d9\u10e3\u10e0\u10d8 \u10e1\u10d4\u10e0\u10d5\u10d8\u10e1\u10d8\u10e1 \u10d3\u10d0\u10e1\u10e0\u10e3\u10da\u10d4\u10d1\u10d0 \u10e0\u10d0\u10ea \u10e8\u10d4\u10d8\u10eb\u10da\u10d4\u10d1\u10d0 \u10e1\u10ec\u10e0\u10d0\u10e4\u10d0\u10d3.<\/span>[\/vc_column_text][vc_btn title=&#8221;\u10da\u10dd\u10d2\u10d8\u10e1\u10e2\u10d8\u10d9\u10d8\u10e1 \u10db\u10dd\u10d7\u10ee\u10dd\u10d5\u10dc\u10d8\u10e1 \u10e4\u10dd\u10e0\u10db\u10d0&#8221; style=&#8221;outline&#8221; color=&#8221;sky&#8221; align=&#8221;left&#8221; i_icon_fontawesome=&#8221;fas fa-edit&#8221; add_icon=&#8221;true&#8221; link=&#8221;url:https%3A%2F%2Falpericoztransport.com%2Fge%2Flojistik-talep-formu%2F&#8221;][\/vc_column][\/vc_row]<\/p>\n<\/section>","protected":false},"excerpt":{"rendered":"<p>[vc_row][vc_column][vc_column_text] \u10e1\u10d0\u10f0\u10d0\u10d4\u10e0\u10dd \u10d2\u10d6\u10d4\u10d1\u10d8\u10e1 \u10e2\u10e0\u10d0\u10dc\u10e1\u10de\u10dd\u10e0\u10e2\u10d8\u10e0\u10d4\u10d1\u10d0 \u10e9\u10d5\u10d4\u10dc\u10d8 \u10d1\u10e0\u10d4\u10dc\u10d3\u10d8, \u10e0\u10dd\u10db\u10d4\u10da\u10d8\u10ea \u10db\u10d8\u10d6\u10dc\u10d0\u10d3 \u10d8\u10e1\u10d0\u10ee\u10d0\u10d5\u10e1 \u10d4\u10d9\u10dd\u10dc\u10dd\u10db\u10d8\u10e3\u10e0\u10d8 \u10d2\u10d0\u10d3\u10d0\u10ec\u10e7\u10d5\u10d4\u10e2\u10d8\u10da\u10d4\u10d1\u10d4\u10d1\u10d8\u10e1 \u10db\u10d8\u10ec\u10dd\u10d3\u10d4\u10d1\u10d0\u10e1 \u10e1\u10d0\u10f0\u10d0\u10d4\u10e0\u10dd \u10d2\u10d0\u10d3\u10d0\u10d6\u10d8\u10d3\u10d5\u10d4\u10d1\u10e8\u10d8, \u10db\u10e3\u10e8\u10d0\u10dd\u10d1\u10e1 \u10da\u10dd\u10ef\u10d8\u10e1\u10e2\u10d8\u10d9\u10d8\u10e1 \u10e7\u10d5\u10d4\u10da\u10d0 \u10e1\u10e4\u10d4\u10e0\u10dd\u10e8\u10d8, \u10e0\u10d0\u10d7\u10d0 \u10e3\u10d6\u10e0\u10e3\u10dc\u10d5\u10d4\u10da\u10e7\u10dd\u10e1 \u10d7\u10e5\u10d5\u10d4\u10dc\u10d8 \u10da\u10dd\u10d2\u10d8\u10e1\u10e2\u10d8\u10d9\u10e3\u10e0\u10d8 \u10e1\u10d4\u10e0\u10d5\u10d8\u10e1\u10d8\u10e1 \u10d3\u10d0\u10e1\u10e0\u10e3\u10da\u10d4\u10d1\u10d0 \u10e0\u10d0\u10ea \u10e8\u10d4\u10d8\u10eb\u10da\u10d4\u10d1\u10d0 \u10e1\u10ec\u10e0\u10d0\u10e4\u10d0\u10d3.[\/vc_column_text][vc_btn title=&#8221;\u10da\u10dd\u10d2\u10d8\u10e1\u10e2\u10d8\u10d9\u10d8\u10e1 \u10db\u10dd\u10d7\u10ee\u10dd\u10d5\u10dc\u10d8\u10e1 \u10e4\u10dd\u10e0\u10db\u10d0&#8221; style=&#8221;outline&#8221; color=&#8221;sky&#8221; align=&#8221;left&#8221; i_icon_fontawesome=&#8221;fas fa-edit&#8221; add_icon=&#8221;true&#8221; link=&#8221;url:https%3A%2F%2Falpericoztransport.com%2Fge%2Flojistik-talep-formu%2F&#8221;][\/vc_column][\/vc_row]<\/p>\n","protected":false},"author":1,"featured_media":0,"parent":0,"menu_order":0,"comment_status":"closed","ping_status":"closed","template":"","meta":[],"yoast_head":"<!-- This site is optimized with the Yoast SEO plugin v19.13 - https:\/\/yoast.com\/wordpress\/plugins\/seo\/ -->\n<title>\u10e1\u10d0\u10f0\u10d0\u10d4\u10e0\u10dd \u10d2\u10d6\u10d4\u10d1\u10d8\u10e1 \u10e2\u10e0\u10d0\u10dc\u10e1\u10de\u10dd\u10e0\u10e2\u10d8\u10e0\u10d4\u10d1\u10d0 - Alper \u0130\u00e7\u00f6z Transport<\/title>\n<meta name=\"robots\" content=\"index, follow, max-snippet:-1, max-image-preview:large, max-video-preview:-1\" \/>\n<link rel=\"canonical\" href=\"https:\/\/alpericoztransport.com\/havayolu-tasimaciligi\/\" \/>\n<meta property=\"og:locale\" content=\"ka_GE\" \/>\n<meta property=\"og:type\" content=\"article\" \/>\n<meta property=\"og:title\" content=\"\u10e1\u10d0\u10f0\u10d0\u10d4\u10e0\u10dd \u10d2\u10d6\u10d4\u10d1\u10d8\u10e1 \u10e2\u10e0\u10d0\u10dc\u10e1\u10de\u10dd\u10e0\u10e2\u10d8\u10e0\u10d4\u10d1\u10d0\" \/>\n<meta property=\"og:description\" content=\"[vc_row][vc_column][vc_column_text] \u10e1\u10d0\u10f0\u10d0\u10d4\u10e0\u10dd \u10d2\u10d6\u10d4\u10d1\u10d8\u10e1 \u10e2\u10e0\u10d0\u10dc\u10e1\u10de\u10dd\u10e0\u10e2\u10d8\u10e0\u10d4\u10d1\u10d0 \u10e9\u10d5\u10d4\u10dc\u10d8 \u10d1\u10e0\u10d4\u10dc\u10d3\u10d8, \u10e0\u10dd\u10db\u10d4\u10da\u10d8\u10ea \u10db\u10d8\u10d6\u10dc\u10d0\u10d3 \u10d8\u10e1\u10d0\u10ee\u10d0\u10d5\u10e1 \u10d4\u10d9\u10dd\u10dc\u10dd\u10db\u10d8\u10e3\u10e0\u10d8 \u10d2\u10d0\u10d3\u10d0\u10ec\u10e7\u10d5\u10d4\u10e2\u10d8\u10da\u10d4\u10d1\u10d4\u10d1\u10d8\u10e1 \u10db\u10d8\u10ec\u10dd\u10d3\u10d4\u10d1\u10d0\u10e1 \u10e1\u10d0\u10f0\u10d0\u10d4\u10e0\u10dd \u10d2\u10d0\u10d3\u10d0\u10d6\u10d8\u10d3\u10d5\u10d4\u10d1\u10e8\u10d8, \u10db\u10e3\u10e8\u10d0\u10dd\u10d1\u10e1 \u10da\u10dd\u10ef\u10d8\u10e1\u10e2\u10d8\u10d9\u10d8\u10e1 \u10e7\u10d5\u10d4\u10da\u10d0 \u10e1\u10e4\u10d4\u10e0\u10dd\u10e8\u10d8, \u10e0\u10d0\u10d7\u10d0 \u10e3\u10d6\u10e0\u10e3\u10dc\u10d5\u10d4\u10da\u10e7\u10dd\u10e1 \u10d7\u10e5\u10d5\u10d4\u10dc\u10d8 \u10da\u10dd\u10d2\u10d8\u10e1\u10e2\u10d8\u10d9\u10e3\u10e0\u10d8 \u10e1\u10d4\u10e0\u10d5\u10d8\u10e1\u10d8\u10e1 \u10d3\u10d0\u10e1\u10e0\u10e3\u10da\u10d4\u10d1\u10d0 \u10e0\u10d0\u10ea \u10e8\u10d4\u10d8\u10eb\u10da\u10d4\u10d1\u10d0 \u10e1\u10ec\u10e0\u10d0\u10e4\u10d0\u10d3.[\/vc_column_text][vc_btn title=&#8221;\u10da\u10dd\u10d2\u10d8\u10e1\u10e2\u10d8\u10d9\u10d8\u10e1 \u10db\u10dd\u10d7\u10ee\u10dd\u10d5\u10dc\u10d8\u10e1 \u10e4\u10dd\u10e0\u10db\u10d0&#8221; style=&#8221;outline&#8221; color=&#8221;sky&#8221; align=&#8221;left&#8221; i_icon_fontawesome=&#8221;fas fa-edit&#8221; add_icon=&#8221;true&#8221; link=&#8221;url:https%3A%2F%2Falpericoztransport.com%2Fge%2Flojistik-talep-formu%2F&#8221;][\/vc_column][\/vc_row]\" \/>\n<meta property=\"og:url\" content=\"https:\/\/alpericoztransport.com\/havayolu-tasimaciligi\/\" \/>\n<meta property=\"og:site_name\" content=\"Alper \u0130\u00e7\u00f6z Transport\" \/>\n<meta property=\"article:modified_time\" content=\"2023-09-01T09:52:41+00:00\" \/>\n<meta property=\"og:image\" content=\"https:\/\/alpericoztransport.com\/wp-content\/uploads\/2023\/09\/alphav-300x200.png\" \/>\n<meta name=\"twitter:card\" content=\"summary_large_image\" \/>\n<meta name=\"twitter:label1\" content=\"Est. reading time\" \/>\n\t<meta name=\"twitter:data1\" content=\"1 \u10ec\u10e3\u10d7\u10d8\" \/>\n<script type=\"application\/ld+json\" class=\"yoast-schema-graph\">{\"@context\":\"https:\/\/schema.org\",\"@graph\":[{\"@type\":\"WebPage\",\"@id\":\"https:\/\/alpericoztransport.com\/havayolu-tasimaciligi\/\",\"url\":\"https:\/\/alpericoztransport.com\/havayolu-tasimaciligi\/\",\"name\":\"[:tr]Havayolu Ta\u015f\u0131mac\u0131l\u0131\u011f\u0131[:en]Airline Transportation[:ru]\u0410\u0432\u0438\u0430\u043f\u0435\u0440\u0435\u0432\u043e\u0437\u043a\u0438[:ge]\u10e1\u10d0\u10f0\u10d0\u10d4\u10e0\u10dd \u10d2\u10d6\u10d4\u10d1\u10d8\u10e1 \u10e2\u10e0\u10d0\u10dc\u10e1\u10de\u10dd\u10e0\u10e2\u10d8\u10e0\u10d4\u10d1\u10d0[:] - Alper \u0130\u00e7\u00f6z Transport\",\"isPartOf\":{\"@id\":\"https:\/\/alpericoztransport.com\/#website\"},\"datePublished\":\"2023-01-03T14:04:54+00:00\",\"dateModified\":\"2023-09-01T09:52:41+00:00\",\"breadcrumb\":{\"@id\":\"https:\/\/alpericoztransport.com\/havayolu-tasimaciligi\/#breadcrumb\"},\"inLanguage\":\"ka-GE\",\"potentialAction\":[{\"@type\":\"ReadAction\",\"target\":[\"https:\/\/alpericoztransport.com\/havayolu-tasimaciligi\/\"]}]},{\"@type\":\"BreadcrumbList\",\"@id\":\"https:\/\/alpericoztransport.com\/havayolu-tasimaciligi\/#breadcrumb\",\"itemListElement\":[{\"@type\":\"ListItem\",\"position\":1,\"name\":\"Anasayfa\",\"item\":\"https:\/\/alpericoztransport.com\/\"},{\"@type\":\"ListItem\",\"position\":2,\"name\":\"Havayolu Ta\u015f\u0131mac\u0131l\u0131\u011f\u0131\"}]},{\"@type\":\"WebSite\",\"@id\":\"https:\/\/alpericoztransport.com\/#website\",\"url\":\"https:\/\/alpericoztransport.com\/\",\"name\":\"www.egecetransport.com\",\"description\":\"Uluslararas\u0131 Kara - Hava ve Deniz Ta\u015f\u0131mac\u0131l\u0131\u011f\u0131\",\"publisher\":{\"@id\":\"https:\/\/alpericoztransport.com\/#organization\"},\"potentialAction\":[{\"@type\":\"SearchAction\",\"target\":{\"@type\":\"EntryPoint\",\"urlTemplate\":\"https:\/\/alpericoztransport.com\/?s={search_term_string}\"},\"query-input\":\"required name=search_term_string\"}],\"inLanguage\":\"ka-GE\"},{\"@type\":\"Organization\",\"@id\":\"https:\/\/alpericoztransport.com\/#organization\",\"name\":\"www.egecetransport.com\",\"url\":\"https:\/\/alpericoztransport.com\/\",\"logo\":{\"@type\":\"ImageObject\",\"inLanguage\":\"ka-GE\",\"@id\":\"https:\/\/alpericoztransport.com\/#\/schema\/logo\/image\/\",\"url\":\"https:\/\/egecetransport.com\/wp-content\/uploads\/2022\/12\/egece-kurumsal-logo-head.png\",\"contentUrl\":\"https:\/\/egecetransport.com\/wp-content\/uploads\/2022\/12\/egece-kurumsal-logo-head.png\",\"width\":270,\"height\":70,\"caption\":\"www.egecetransport.com\"},\"image\":{\"@id\":\"https:\/\/alpericoztransport.com\/#\/schema\/logo\/image\/\"}}]}<\/script>\n<!-- \/ Yoast SEO plugin. -->","yoast_head_json":{"title":"\u10e1\u10d0\u10f0\u10d0\u10d4\u10e0\u10dd \u10d2\u10d6\u10d4\u10d1\u10d8\u10e1 \u10e2\u10e0\u10d0\u10dc\u10e1\u10de\u10dd\u10e0\u10e2\u10d8\u10e0\u10d4\u10d1\u10d0 - Alper \u0130\u00e7\u00f6z Transport","robots":{"index":"index","follow":"follow","max-snippet":"max-snippet:-1","max-image-preview":"max-image-preview:large","max-video-preview":"max-video-preview:-1"},"canonical":"https:\/\/alpericoztransport.com\/havayolu-tasimaciligi\/","og_locale":"ka_GE","og_type":"article","og_title":"[:tr]Havayolu Ta\u015f\u0131mac\u0131l\u0131\u011f\u0131[:en]Airline Transportation[:ru]\u0410\u0432\u0438\u0430\u043f\u0435\u0440\u0435\u0432\u043e\u0437\u043a\u0438[:ge]\u10e1\u10d0\u10f0\u10d0\u10d4\u10e0\u10dd \u10d2\u10d6\u10d4\u10d1\u10d8\u10e1 \u10e2\u10e0\u10d0\u10dc\u10e1\u10de\u10dd\u10e0\u10e2\u10d8\u10e0\u10d4\u10d1\u10d0[:] - Alper \u0130\u00e7\u00f6z Transport","og_description":"[vc_row][vc_column][vc_column_text] \u10e1\u10d0\u10f0\u10d0\u10d4\u10e0\u10dd \u10d2\u10d6\u10d4\u10d1\u10d8\u10e1 \u10e2\u10e0\u10d0\u10dc\u10e1\u10de\u10dd\u10e0\u10e2\u10d8\u10e0\u10d4\u10d1\u10d0 \u10e9\u10d5\u10d4\u10dc\u10d8 \u10d1\u10e0\u10d4\u10dc\u10d3\u10d8, \u10e0\u10dd\u10db\u10d4\u10da\u10d8\u10ea \u10db\u10d8\u10d6\u10dc\u10d0\u10d3 \u10d8\u10e1\u10d0\u10ee\u10d0\u10d5\u10e1 \u10d4\u10d9\u10dd\u10dc\u10dd\u10db\u10d8\u10e3\u10e0\u10d8 \u10d2\u10d0\u10d3\u10d0\u10ec\u10e7\u10d5\u10d4\u10e2\u10d8\u10da\u10d4\u10d1\u10d4\u10d1\u10d8\u10e1 \u10db\u10d8\u10ec\u10dd\u10d3\u10d4\u10d1\u10d0\u10e1 \u10e1\u10d0\u10f0\u10d0\u10d4\u10e0\u10dd \u10d2\u10d0\u10d3\u10d0\u10d6\u10d8\u10d3\u10d5\u10d4\u10d1\u10e8\u10d8, \u10db\u10e3\u10e8\u10d0\u10dd\u10d1\u10e1 \u10da\u10dd\u10ef\u10d8\u10e1\u10e2\u10d8\u10d9\u10d8\u10e1 \u10e7\u10d5\u10d4\u10da\u10d0 \u10e1\u10e4\u10d4\u10e0\u10dd\u10e8\u10d8, \u10e0\u10d0\u10d7\u10d0 \u10e3\u10d6\u10e0\u10e3\u10dc\u10d5\u10d4\u10da\u10e7\u10dd\u10e1 \u10d7\u10e5\u10d5\u10d4\u10dc\u10d8 \u10da\u10dd\u10d2\u10d8\u10e1\u10e2\u10d8\u10d9\u10e3\u10e0\u10d8 \u10e1\u10d4\u10e0\u10d5\u10d8\u10e1\u10d8\u10e1 \u10d3\u10d0\u10e1\u10e0\u10e3\u10da\u10d4\u10d1\u10d0 \u10e0\u10d0\u10ea \u10e8\u10d4\u10d8\u10eb\u10da\u10d4\u10d1\u10d0 \u10e1\u10ec\u10e0\u10d0\u10e4\u10d0\u10d3.[\/vc_column_text][vc_btn title=&#8221;\u10da\u10dd\u10d2\u10d8\u10e1\u10e2\u10d8\u10d9\u10d8\u10e1 \u10db\u10dd\u10d7\u10ee\u10dd\u10d5\u10dc\u10d8\u10e1 \u10e4\u10dd\u10e0\u10db\u10d0&#8221; style=&#8221;outline&#8221; color=&#8221;sky&#8221; align=&#8221;left&#8221; i_icon_fontawesome=&#8221;fas fa-edit&#8221; add_icon=&#8221;true&#8221; link=&#8221;url:https%3A%2F%2Falpericoztransport.com%2Fge%2Flojistik-talep-formu%2F&#8221;][\/vc_column][\/vc_row]","og_url":"https:\/\/alpericoztransport.com\/havayolu-tasimaciligi\/","og_site_name":"Alper \u0130\u00e7\u00f6z Transport","article_modified_time":"2023-09-01T09:52:41+00:00","og_image":[{"url":"https:\/\/alpericoztransport.com\/wp-content\/uploads\/2023\/09\/alphav-300x200.png"}],"twitter_card":"summary_large_image","twitter_misc":{"Est. reading time":"1 \u10ec\u10e3\u10d7\u10d8"},"schema":{"@context":"https:\/\/schema.org","@graph":[{"@type":"WebPage","@id":"https:\/\/alpericoztransport.com\/havayolu-tasimaciligi\/","url":"https:\/\/alpericoztransport.com\/havayolu-tasimaciligi\/","name":"[:tr]Havayolu Ta\u015f\u0131mac\u0131l\u0131\u011f\u0131[:en]Airline Transportation[:ru]\u0410\u0432\u0438\u0430\u043f\u0435\u0440\u0435\u0432\u043e\u0437\u043a\u0438[:ge]\u10e1\u10d0\u10f0\u10d0\u10d4\u10e0\u10dd \u10d2\u10d6\u10d4\u10d1\u10d8\u10e1 \u10e2\u10e0\u10d0\u10dc\u10e1\u10de\u10dd\u10e0\u10e2\u10d8\u10e0\u10d4\u10d1\u10d0[:] - Alper \u0130\u00e7\u00f6z Transport","isPartOf":{"@id":"https:\/\/alpericoztransport.com\/#website"},"datePublished":"2023-01-03T14:04:54+00:00","dateModified":"2023-09-01T09:52:41+00:00","breadcrumb":{"@id":"https:\/\/alpericoztransport.com\/havayolu-tasimaciligi\/#breadcrumb"},"inLanguage":"ka-GE","potentialAction":[{"@type":"ReadAction","target":["https:\/\/alpericoztransport.com\/havayolu-tasimaciligi\/"]}]},{"@type":"BreadcrumbList","@id":"https:\/\/alpericoztransport.com\/havayolu-tasimaciligi\/#breadcrumb","itemListElement":[{"@type":"ListItem","position":1,"name":"Anasayfa","item":"https:\/\/alpericoztransport.com\/"},{"@type":"ListItem","position":2,"name":"Havayolu Ta\u015f\u0131mac\u0131l\u0131\u011f\u0131"}]},{"@type":"WebSite","@id":"https:\/\/alpericoztransport.com\/#website","url":"https:\/\/alpericoztransport.com\/","name":"www.egecetransport.com","description":"Uluslararas\u0131 Kara - Hava ve Deniz Ta\u015f\u0131mac\u0131l\u0131\u011f\u0131","publisher":{"@id":"https:\/\/alpericoztransport.com\/#organization"},"potentialAction":[{"@type":"SearchAction","target":{"@type":"EntryPoint","urlTemplate":"https:\/\/alpericoztransport.com\/?s={search_term_string}"},"query-input":"required name=search_term_string"}],"inLanguage":"ka-GE"},{"@type":"Organization","@id":"https:\/\/alpericoztransport.com\/#organization","name":"www.egecetransport.com","url":"https:\/\/alpericoztransport.com\/","logo":{"@type":"ImageObject","inLanguage":"ka-GE","@id":"https:\/\/alpericoztransport.com\/#\/schema\/logo\/image\/","url":"https:\/\/egecetransport.com\/wp-content\/uploads\/2022\/12\/egece-kurumsal-logo-head.png","contentUrl":"https:\/\/egecetransport.com\/wp-content\/uploads\/2022\/12\/egece-kurumsal-logo-head.png","width":270,"height":70,"caption":"www.egecetransport.com"},"image":{"@id":"https:\/\/alpericoztransport.com\/#\/schema\/logo\/image\/"}}]}},"_links":{"self":[{"href":"https:\/\/alpericoztransport.com\/ge\/wp-json\/wp\/v2\/pages\/6026"}],"collection":[{"href":"https:\/\/alpericoztransport.com\/ge\/wp-json\/wp\/v2\/pages"}],"about":[{"href":"https:\/\/alpericoztransport.com\/ge\/wp-json\/wp\/v2\/types\/page"}],"author":[{"embeddable":true,"href":"https:\/\/alpericoztransport.com\/ge\/wp-json\/wp\/v2\/users\/1"}],"replies":[{"embeddable":true,"href":"https:\/\/alpericoztransport.com\/ge\/wp-json\/wp\/v2\/comments?post=6026"}],"version-history":[{"count":15,"href":"https:\/\/alpericoztransport.com\/ge\/wp-json\/wp\/v2\/pages\/6026\/revisions"}],"predecessor-version":[{"id":6181,"href":"https:\/\/alpericoztransport.com\/ge\/wp-json\/wp\/v2\/pages\/6026\/revisions\/6181"}],"wp:attachment":[{"href":"https:\/\/alpericoztransport.com\/ge\/wp-json\/wp\/v2\/media?parent=6026"}],"curies":[{"name":"wp","href":"https:\/\/api.w.org\/{rel}","templated":true}]}}