{"id":5943,"date":"2022-12-30T22:06:50","date_gmt":"2022-12-30T22:06:50","guid":{"rendered":"https:\/\/alpericoztransport.com\/?page_id=5943"},"modified":"2023-09-01T10:04:34","modified_gmt":"2023-09-01T10:04:34","slug":"iletisim","status":"publish","type":"page","link":"https:\/\/alpericoztransport.com\/ru\/iletisim\/","title":{"rendered":"\u041a\u043e\u043c\u043c\u0443\u043d\u0438\u043a\u0430\u0446\u0438\u044f"},"content":{"rendered":"<section class=\"wpb-content-wrapper\"><p>[vc_row][vc_column width=&#8221;1\/2&#8243;][vc_text_separator title=&#8221;\u041a\u043e\u043d\u0442\u0430\u043a\u0442\u043d\u0430\u044f \u0438\u043d\u0444\u043e\u0440\u043c\u0430\u0446\u0438\u044f&#8221; color=&#8221;blue&#8221;][vc_column_text]<strong><span style=\"color: #000000;\">\u0130zmir: <\/span><\/strong><span style=\"color: #000000;\">Avc\u0131lar Lobi Parlas Residence&#038;Office<\/span><br \/>\n<span style=\"color: #000000;\">Kaz\u0131mdirik Mh. \u00dcniversite Cd. No: 72 \u0130zmir \/ T\u00dcRK\u0130YE<br \/>\n<strong>G\u00fcrcistan:<\/strong> N4 a, fl.2, N5, Police I Lane Samgori, 0120 Tblisi, GEORGIA<\/span><\/p>\n<p><span style=\"color: #000000;\"><strong>\u0422\u0435\u043b\u0435\u0444\u043e\u043d:<\/strong> +90 534 665 63 52<\/span><\/p>\n<p><span style=\"color: #000000;\"><strong>\u042d\u043b. \u0430\u0434\u0440\u0435\u0441:<\/strong> info@alpericoztransport.com<\/span>[\/vc_column_text][vc_text_separator title=&#8221;\u041d\u0430\u043f\u0440\u0430\u0432\u043b\u0435\u043d\u0438\u044f&#8221; color=&#8221;blue&#8221;][vc_gmaps link=&#8221;#E-8_JTNDaWZyYW1lJTIwc3JjJTNEJTIyaHR0cHMlM0ElMkYlMkZ3d3cuZ29vZ2xlLmNvbSUyRm1hcHMlMkZlbWJlZCUzRnBiJTNEJTIxMW0xOCUyMTFtMTIlMjExbTMlMjExZDMxMjQuNDk0Mjg4ODA2ODEzNSUyMTJkMjcuMTk1MTc1NzE1NjE4MTglMjEzZDM4LjQ1MzE0ODQ3OTY0MTYyJTIxMm0zJTIxMWYwJTIxMmYwJTIxM2YwJTIxM20yJTIxMWkxMDI0JTIxMmk3NjglMjE0ZjEzLjElMjEzbTMlMjExbTIlMjExczB4MTRiOTYyY2E5YTRkMzg3YiUyNTNBMHg1ZDBhN2M4OGQ5Y2IwODdlJTIxMnNMb2JpUGFybGFzJTI1MjBSZXNpZGVuY2UlMjUyNk9mZmljZSUyMTVlMCUyMTNtMiUyMTFzdHIlMjEyc3RyJTIxNHYxNjcyNDM3NDIzODY2JTIxNW0yJTIxMXN0ciUyMTJzdHIlMjIlMjB3aWR0aCUzRCUyMjYwMCUyMiUyMGhlaWdodCUzRCUyMjQ1MCUyMiUyMHN0eWxlJTNEJTIyYm9yZGVyJTNBMCUzQiUyMiUyMGFsbG93ZnVsbHNjcmVlbiUzRCUyMiUyMiUyMGxvYWRpbmclM0QlMjJsYXp5JTIyJTIwcmVmZXJyZXJwb2xpY3klM0QlMjJuby1yZWZlcnJlci13aGVuLWRvd25ncmFkZSUyMiUzRSUzQyUyRmlmcmFtZSUzRQ==&#8221;][\/vc_column][vc_column width=&#8221;1\/2&#8243;][vc_text_separator title=&#8221;\u0424\u043e\u0440\u043c\u0430 \u043e\u0431\u0440\u0430\u0442\u043d\u043e\u0439 \u0441\u0432\u044f\u0437\u0438&#8221; color=&#8221;blue&#8221;]<div class=\"wpcf7 no-js\" id=\"wpcf7-f6069-o1\" lang=\"en-US\" dir=\"ltr\">\n<div class=\"screen-reader-response\"><p role=\"status\" aria-live=\"polite\" aria-atomic=\"true\"><\/p> <ul><\/ul><\/div>\n<form action=\"\/ru\/wp-json\/wp\/v2\/pages\/5943#wpcf7-f6069-o1\" method=\"post\" class=\"wpcf7-form init\" aria-label=\"Contact form\" novalidate=\"novalidate\" data-status=\"init\">\n<div style=\"display: none;\">\n<input type=\"hidden\" name=\"_wpcf7\" value=\"6069\" \/>\n<input type=\"hidden\" name=\"_wpcf7_version\" value=\"5.7.1\" \/>\n<input type=\"hidden\" name=\"_wpcf7_locale\" value=\"en_US\" \/>\n<input type=\"hidden\" name=\"_wpcf7_unit_tag\" value=\"wpcf7-f6069-o1\" \/>\n<input type=\"hidden\" name=\"_wpcf7_container_post\" value=\"0\" \/>\n<input type=\"hidden\" name=\"_wpcf7_posted_data_hash\" value=\"\" \/>\n<input type=\"hidden\" name=\"lang\" value=\"ru\" \/>\n<\/div>\n<p><label> \u0438\u043c\u044f \u0424\u0430\u043c\u0438\u043b\u0438\u044f (*)<br \/>\n<span class=\"wpcf7-form-control-wrap\" data-name=\"your-name\"><input size=\"40\" class=\"wpcf7-form-control wpcf7-text wpcf7-validates-as-required\" autocomplete=\"name\" aria-required=\"true\" aria-invalid=\"false\" value=\"\" type=\"text\" name=\"your-name\" \/><\/span> <\/label>\n<\/p>\n<p><label> \u042d\u043b. \u0430\u0434\u0440\u0435\u0441 (*)<br \/>\n<span class=\"wpcf7-form-control-wrap\" data-name=\"your-email\"><input size=\"40\" class=\"wpcf7-form-control wpcf7-text wpcf7-email wpcf7-validates-as-required wpcf7-validates-as-email\" autocomplete=\"email\" aria-required=\"true\" aria-invalid=\"false\" value=\"\" type=\"email\" name=\"your-email\" \/><\/span> <\/label>\n<\/p>\n<p><label> \u0422\u0435\u043b\u0435\u0444\u043e\u043d (*)<br \/>\n<span class=\"wpcf7-form-control-wrap\" data-name=\"your-tel\"><input size=\"40\" class=\"wpcf7-form-control wpcf7-text wpcf7-validates-as-required\" aria-required=\"true\" aria-invalid=\"false\" value=\"\" type=\"text\" name=\"your-tel\" \/><\/span> <\/label>\n<\/p>\n<p><label> \u0441\u043e\u043e\u0431\u0449\u0435\u043d\u0438\u0435<br \/>\n<span class=\"wpcf7-form-control-wrap\" data-name=\"your-message\"><textarea cols=\"40\" rows=\"10\" class=\"wpcf7-form-control wpcf7-textarea\" aria-invalid=\"false\" name=\"your-message\"><\/textarea><\/span> <\/label>\n<\/p>\n<p><input class=\"wpcf7-form-control has-spinner wpcf7-submit\" type=\"submit\" value=\"\u043f\u043e\u0441\u043b\u0430\u0442\u044c\" \/>\n<\/p><div class=\"wpcf7-response-output\" aria-hidden=\"true\"><\/div><\/form><\/div>[\/vc_column][\/vc_row]<\/p>\n<\/section>","protected":false},"excerpt":{"rendered":"<p>[vc_row][vc_column width=&#8221;1\/2&#8243;][vc_text_separator title=&#8221;\u041a\u043e\u043d\u0442\u0430\u043a\u0442\u043d\u0430\u044f \u0438\u043d\u0444\u043e\u0440\u043c\u0430\u0446\u0438\u044f&#8221; color=&#8221;blue&#8221;][vc_column_text]\u0130zmir: Avc\u0131lar Lobi Parlas Residence&#038;Office Kaz\u0131mdirik Mh. \u00dcniversite Cd. No: 72 \u0130zmir \/ T\u00dcRK\u0130YE G\u00fcrcistan: N4 a, fl.2, N5, Police I Lane Samgori, 0120 Tblisi, GEORGIA \u0422\u0435\u043b\u0435\u0444\u043e\u043d: +90 534 665 63 52 \u042d\u043b. \u0430\u0434\u0440\u0435\u0441: info@alpericoztransport.com[\/vc_column_text][vc_text_separator title=&#8221;\u041d\u0430\u043f\u0440\u0430\u0432\u043b\u0435\u043d\u0438\u044f&#8221; color=&#8221;blue&#8221;][vc_gmaps link=&#8221;#E-8_JTNDaWZyYW1lJTIwc3JjJTNEJTIyaHR0cHMlM0ElMkYlMkZ3d3cuZ29vZ2xlLmNvbSUyRm1hcHMlMkZlbWJlZCUzRnBiJTNEJTIxMW0xOCUyMTFtMTIlMjExbTMlMjExZDMxMjQuNDk0Mjg4ODA2ODEzNSUyMTJkMjcuMTk1MTc1NzE1NjE4MTglMjEzZDM4LjQ1MzE0ODQ3OTY0MTYyJTIxMm0zJTIxMWYwJTIxMmYwJTIxM2YwJTIxM20yJTIxMWkxMDI0JTIxMmk3NjglMjE0ZjEzLjElMjEzbTMlMjExbTIlMjExczB4MTRiOTYyY2E5YTRkMzg3YiUyNTNBMHg1ZDBhN2M4OGQ5Y2IwODdlJTIxMnNMb2JpUGFybGFzJTI1MjBSZXNpZGVuY2UlMjUyNk9mZmljZSUyMTVlMCUyMTNtMiUyMTFzdHIlMjEyc3RyJTIxNHYxNjcyNDM3NDIzODY2JTIxNW0yJTIxMXN0ciUyMTJzdHIlMjIlMjB3aWR0aCUzRCUyMjYwMCUyMiUyMGhlaWdodCUzRCUyMjQ1MCUyMiUyMHN0eWxlJTNEJTIyYm9yZGVyJTNBMCUzQiUyMiUyMGFsbG93ZnVsbHNjcmVlbiUzRCUyMiUyMiUyMGxvYWRpbmclM0QlMjJsYXp5JTIyJTIwcmVmZXJyZXJwb2xpY3klM0QlMjJuby1yZWZlcnJlci13aGVuLWRvd25ncmFkZSUyMiUzRSUzQyUyRmlmcmFtZSUzRQ==&#8221;][\/vc_column][vc_column width=&#8221;1\/2&#8243;][vc_text_separator title=&#8221;\u0424\u043e\u0440\u043c\u0430 \u043e\u0431\u0440\u0430\u0442\u043d\u043e\u0439 \u0441\u0432\u044f\u0437\u0438&#8221; color=&#8221;blue&#8221;][\/vc_column][\/vc_row]<\/p>\n","protected":false},"author":1,"featured_media":0,"parent":0,"menu_order":0,"comment_status":"closed","ping_status":"closed","template":"","meta":[],"yoast_head":"<!-- This site is optimized with the Yoast SEO plugin v19.13 - https:\/\/yoast.com\/wordpress\/plugins\/seo\/ -->\n<title>\u041a\u043e\u043c\u043c\u0443\u043d\u0438\u043a\u0430\u0446\u0438\u044f - Alper \u0130\u00e7\u00f6z Transport<\/title>\n<meta name=\"robots\" content=\"index, follow, max-snippet:-1, max-image-preview:large, max-video-preview:-1\" \/>\n<link rel=\"canonical\" href=\"https:\/\/alpericoztransport.com\/iletisim\/\" \/>\n<meta property=\"og:locale\" content=\"en_US\" \/>\n<meta property=\"og:type\" content=\"article\" \/>\n<meta property=\"og:title\" content=\"\u041a\u043e\u043c\u043c\u0443\u043d\u0438\u043a\u0430\u0446\u0438\u044f\" \/>\n<meta property=\"og:description\" content=\"[vc_row][vc_column width=&#8221;1\/2&#8243;][vc_text_separator title=&#8221;\u041a\u043e\u043d\u0442\u0430\u043a\u0442\u043d\u0430\u044f \u0438\u043d\u0444\u043e\u0440\u043c\u0430\u0446\u0438\u044f&#8221; color=&#8221;blue&#8221;][vc_column_text]\u0130zmir: Avc\u0131lar Lobi Parlas Residence&amp;Office Kaz\u0131mdirik Mh. \u00dcniversite Cd. No: 72 \u0130zmir \/ T\u00dcRK\u0130YE G\u00fcrcistan: N4 a, fl.2, N5, Police I Lane Samgori, 0120 Tblisi, GEORGIA \u0422\u0435\u043b\u0435\u0444\u043e\u043d: +90 534 665 63 52 \u042d\u043b. \u0430\u0434\u0440\u0435\u0441: info@alpericoztransport.com[\/vc_column_text][vc_text_separator title=&#8221;\u041d\u0430\u043f\u0440\u0430\u0432\u043b\u0435\u043d\u0438\u044f&#8221; color=&#8221;blue&#8221;][vc_gmaps link=&#8221;#E-8_JTNDaWZyYW1lJTIwc3JjJTNEJTIyaHR0cHMlM0ElMkYlMkZ3d3cuZ29vZ2xlLmNvbSUyRm1hcHMlMkZlbWJlZCUzRnBiJTNEJTIxMW0xOCUyMTFtMTIlMjExbTMlMjExZDMxMjQuNDk0Mjg4ODA2ODEzNSUyMTJkMjcuMTk1MTc1NzE1NjE4MTglMjEzZDM4LjQ1MzE0ODQ3OTY0MTYyJTIxMm0zJTIxMWYwJTIxMmYwJTIxM2YwJTIxM20yJTIxMWkxMDI0JTIxMmk3NjglMjE0ZjEzLjElMjEzbTMlMjExbTIlMjExczB4MTRiOTYyY2E5YTRkMzg3YiUyNTNBMHg1ZDBhN2M4OGQ5Y2IwODdlJTIxMnNMb2JpUGFybGFzJTI1MjBSZXNpZGVuY2UlMjUyNk9mZmljZSUyMTVlMCUyMTNtMiUyMTFzdHIlMjEyc3RyJTIxNHYxNjcyNDM3NDIzODY2JTIxNW0yJTIxMXN0ciUyMTJzdHIlMjIlMjB3aWR0aCUzRCUyMjYwMCUyMiUyMGhlaWdodCUzRCUyMjQ1MCUyMiUyMHN0eWxlJTNEJTIyYm9yZGVyJTNBMCUzQiUyMiUyMGFsbG93ZnVsbHNjcmVlbiUzRCUyMiUyMiUyMGxvYWRpbmclM0QlMjJsYXp5JTIyJTIwcmVmZXJyZXJwb2xpY3klM0QlMjJuby1yZWZlcnJlci13aGVuLWRvd25ncmFkZSUyMiUzRSUzQyUyRmlmcmFtZSUzRQ==&#8221;][\/vc_column][vc_column width=&#8221;1\/2&#8243;][vc_text_separator title=&#8221;\u0424\u043e\u0440\u043c\u0430 \u043e\u0431\u0440\u0430\u0442\u043d\u043e\u0439 \u0441\u0432\u044f\u0437\u0438&#8221; color=&#8221;blue&#8221;][\/vc_column][\/vc_row]\" \/>\n<meta property=\"og:url\" content=\"https:\/\/alpericoztransport.com\/iletisim\/\" \/>\n<meta property=\"og:site_name\" content=\"Alper \u0130\u00e7\u00f6z Transport\" \/>\n<meta property=\"article:modified_time\" content=\"2023-09-01T10:04:34+00:00\" \/>\n<meta name=\"twitter:card\" content=\"summary_large_image\" \/>\n<meta name=\"twitter:label1\" content=\"Est. reading time\" \/>\n\t<meta name=\"twitter:data1\" content=\"1 minute\" \/>\n<script type=\"application\/ld+json\" class=\"yoast-schema-graph\">{\"@context\":\"https:\/\/schema.org\",\"@graph\":[{\"@type\":\"WebPage\",\"@id\":\"https:\/\/alpericoztransport.com\/iletisim\/\",\"url\":\"https:\/\/alpericoztransport.com\/iletisim\/\",\"name\":\"[:tr]\u0130leti\u015fim[:en]Contact[:ru]\u041a\u043e\u043c\u043c\u0443\u043d\u0438\u043a\u0430\u0446\u0438\u044f[:ge]\u1c99\u10dd\u10db\u10e3\u10dc\u10d8\u10d9\u10d0\u10ea\u10d8\u10d0[:] - Alper \u0130\u00e7\u00f6z Transport\",\"isPartOf\":{\"@id\":\"https:\/\/alpericoztransport.com\/#website\"},\"datePublished\":\"2022-12-30T22:06:50+00:00\",\"dateModified\":\"2023-09-01T10:04:34+00:00\",\"breadcrumb\":{\"@id\":\"https:\/\/alpericoztransport.com\/iletisim\/#breadcrumb\"},\"inLanguage\":\"ru-RU\",\"potentialAction\":[{\"@type\":\"ReadAction\",\"target\":[\"https:\/\/alpericoztransport.com\/iletisim\/\"]}]},{\"@type\":\"BreadcrumbList\",\"@id\":\"https:\/\/alpericoztransport.com\/iletisim\/#breadcrumb\",\"itemListElement\":[{\"@type\":\"ListItem\",\"position\":1,\"name\":\"Anasayfa\",\"item\":\"https:\/\/alpericoztransport.com\/\"},{\"@type\":\"ListItem\",\"position\":2,\"name\":\"\u0130leti\u015fim\"}]},{\"@type\":\"WebSite\",\"@id\":\"https:\/\/alpericoztransport.com\/#website\",\"url\":\"https:\/\/alpericoztransport.com\/\",\"name\":\"www.egecetransport.com\",\"description\":\"Uluslararas\u0131 Kara - Hava ve Deniz Ta\u015f\u0131mac\u0131l\u0131\u011f\u0131\",\"publisher\":{\"@id\":\"https:\/\/alpericoztransport.com\/#organization\"},\"potentialAction\":[{\"@type\":\"SearchAction\",\"target\":{\"@type\":\"EntryPoint\",\"urlTemplate\":\"https:\/\/alpericoztransport.com\/?s={search_term_string}\"},\"query-input\":\"required name=search_term_string\"}],\"inLanguage\":\"ru-RU\"},{\"@type\":\"Organization\",\"@id\":\"https:\/\/alpericoztransport.com\/#organization\",\"name\":\"www.egecetransport.com\",\"url\":\"https:\/\/alpericoztransport.com\/\",\"logo\":{\"@type\":\"ImageObject\",\"inLanguage\":\"ru-RU\",\"@id\":\"https:\/\/alpericoztransport.com\/#\/schema\/logo\/image\/\",\"url\":\"https:\/\/egecetransport.com\/wp-content\/uploads\/2022\/12\/egece-kurumsal-logo-head.png\",\"contentUrl\":\"https:\/\/egecetransport.com\/wp-content\/uploads\/2022\/12\/egece-kurumsal-logo-head.png\",\"width\":270,\"height\":70,\"caption\":\"www.egecetransport.com\"},\"image\":{\"@id\":\"https:\/\/alpericoztransport.com\/#\/schema\/logo\/image\/\"}}]}<\/script>\n<!-- \/ Yoast SEO plugin. -->","yoast_head_json":{"title":"\u041a\u043e\u043c\u043c\u0443\u043d\u0438\u043a\u0430\u0446\u0438\u044f - Alper \u0130\u00e7\u00f6z Transport","robots":{"index":"index","follow":"follow","max-snippet":"max-snippet:-1","max-image-preview":"max-image-preview:large","max-video-preview":"max-video-preview:-1"},"canonical":"https:\/\/alpericoztransport.com\/iletisim\/","og_locale":"en_US","og_type":"article","og_title":"[:tr]\u0130leti\u015fim[:en]Contact[:ru]\u041a\u043e\u043c\u043c\u0443\u043d\u0438\u043a\u0430\u0446\u0438\u044f[:ge]\u1c99\u10dd\u10db\u10e3\u10dc\u10d8\u10d9\u10d0\u10ea\u10d8\u10d0[:] - Alper \u0130\u00e7\u00f6z Transport","og_description":"[vc_row][vc_column width=&#8221;1\/2&#8243;][vc_text_separator title=&#8221;\u041a\u043e\u043d\u0442\u0430\u043a\u0442\u043d\u0430\u044f \u0438\u043d\u0444\u043e\u0440\u043c\u0430\u0446\u0438\u044f&#8221; color=&#8221;blue&#8221;][vc_column_text]\u0130zmir: Avc\u0131lar Lobi Parlas Residence&#038;Office Kaz\u0131mdirik Mh. \u00dcniversite Cd. No: 72 \u0130zmir \/ T\u00dcRK\u0130YE G\u00fcrcistan: N4 a, fl.2, N5, Police I Lane Samgori, 0120 Tblisi, GEORGIA \u0422\u0435\u043b\u0435\u0444\u043e\u043d: +90 534 665 63 52 \u042d\u043b. \u0430\u0434\u0440\u0435\u0441: info@alpericoztransport.com[\/vc_column_text][vc_text_separator title=&#8221;\u041d\u0430\u043f\u0440\u0430\u0432\u043b\u0435\u043d\u0438\u044f&#8221; color=&#8221;blue&#8221;][vc_gmaps link=&#8221;#E-8_JTNDaWZyYW1lJTIwc3JjJTNEJTIyaHR0cHMlM0ElMkYlMkZ3d3cuZ29vZ2xlLmNvbSUyRm1hcHMlMkZlbWJlZCUzRnBiJTNEJTIxMW0xOCUyMTFtMTIlMjExbTMlMjExZDMxMjQuNDk0Mjg4ODA2ODEzNSUyMTJkMjcuMTk1MTc1NzE1NjE4MTglMjEzZDM4LjQ1MzE0ODQ3OTY0MTYyJTIxMm0zJTIxMWYwJTIxMmYwJTIxM2YwJTIxM20yJTIxMWkxMDI0JTIxMmk3NjglMjE0ZjEzLjElMjEzbTMlMjExbTIlMjExczB4MTRiOTYyY2E5YTRkMzg3YiUyNTNBMHg1ZDBhN2M4OGQ5Y2IwODdlJTIxMnNMb2JpUGFybGFzJTI1MjBSZXNpZGVuY2UlMjUyNk9mZmljZSUyMTVlMCUyMTNtMiUyMTFzdHIlMjEyc3RyJTIxNHYxNjcyNDM3NDIzODY2JTIxNW0yJTIxMXN0ciUyMTJzdHIlMjIlMjB3aWR0aCUzRCUyMjYwMCUyMiUyMGhlaWdodCUzRCUyMjQ1MCUyMiUyMHN0eWxlJTNEJTIyYm9yZGVyJTNBMCUzQiUyMiUyMGFsbG93ZnVsbHNjcmVlbiUzRCUyMiUyMiUyMGxvYWRpbmclM0QlMjJsYXp5JTIyJTIwcmVmZXJyZXJwb2xpY3klM0QlMjJuby1yZWZlcnJlci13aGVuLWRvd25ncmFkZSUyMiUzRSUzQyUyRmlmcmFtZSUzRQ==&#8221;][\/vc_column][vc_column width=&#8221;1\/2&#8243;][vc_text_separator title=&#8221;\u0424\u043e\u0440\u043c\u0430 \u043e\u0431\u0440\u0430\u0442\u043d\u043e\u0439 \u0441\u0432\u044f\u0437\u0438&#8221; color=&#8221;blue&#8221;][\/vc_column][\/vc_row]","og_url":"https:\/\/alpericoztransport.com\/iletisim\/","og_site_name":"Alper \u0130\u00e7\u00f6z Transport","article_modified_time":"2023-09-01T10:04:34+00:00","twitter_card":"summary_large_image","twitter_misc":{"Est. reading time":"1 minute"},"schema":{"@context":"https:\/\/schema.org","@graph":[{"@type":"WebPage","@id":"https:\/\/alpericoztransport.com\/iletisim\/","url":"https:\/\/alpericoztransport.com\/iletisim\/","name":"[:tr]\u0130leti\u015fim[:en]Contact[:ru]\u041a\u043e\u043c\u043c\u0443\u043d\u0438\u043a\u0430\u0446\u0438\u044f[:ge]\u1c99\u10dd\u10db\u10e3\u10dc\u10d8\u10d9\u10d0\u10ea\u10d8\u10d0[:] - Alper \u0130\u00e7\u00f6z Transport","isPartOf":{"@id":"https:\/\/alpericoztransport.com\/#website"},"datePublished":"2022-12-30T22:06:50+00:00","dateModified":"2023-09-01T10:04:34+00:00","breadcrumb":{"@id":"https:\/\/alpericoztransport.com\/iletisim\/#breadcrumb"},"inLanguage":"ru-RU","potentialAction":[{"@type":"ReadAction","target":["https:\/\/alpericoztransport.com\/iletisim\/"]}]},{"@type":"BreadcrumbList","@id":"https:\/\/alpericoztransport.com\/iletisim\/#breadcrumb","itemListElement":[{"@type":"ListItem","position":1,"name":"Anasayfa","item":"https:\/\/alpericoztransport.com\/"},{"@type":"ListItem","position":2,"name":"\u0130leti\u015fim"}]},{"@type":"WebSite","@id":"https:\/\/alpericoztransport.com\/#website","url":"https:\/\/alpericoztransport.com\/","name":"www.egecetransport.com","description":"Uluslararas\u0131 Kara - Hava ve Deniz Ta\u015f\u0131mac\u0131l\u0131\u011f\u0131","publisher":{"@id":"https:\/\/alpericoztransport.com\/#organization"},"potentialAction":[{"@type":"SearchAction","target":{"@type":"EntryPoint","urlTemplate":"https:\/\/alpericoztransport.com\/?s={search_term_string}"},"query-input":"required name=search_term_string"}],"inLanguage":"ru-RU"},{"@type":"Organization","@id":"https:\/\/alpericoztransport.com\/#organization","name":"www.egecetransport.com","url":"https:\/\/alpericoztransport.com\/","logo":{"@type":"ImageObject","inLanguage":"ru-RU","@id":"https:\/\/alpericoztransport.com\/#\/schema\/logo\/image\/","url":"https:\/\/egecetransport.com\/wp-content\/uploads\/2022\/12\/egece-kurumsal-logo-head.png","contentUrl":"https:\/\/egecetransport.com\/wp-content\/uploads\/2022\/12\/egece-kurumsal-logo-head.png","width":270,"height":70,"caption":"www.egecetransport.com"},"image":{"@id":"https:\/\/alpericoztransport.com\/#\/schema\/logo\/image\/"}}]}},"_links":{"self":[{"href":"https:\/\/alpericoztransport.com\/ru\/wp-json\/wp\/v2\/pages\/5943"}],"collection":[{"href":"https:\/\/alpericoztransport.com\/ru\/wp-json\/wp\/v2\/pages"}],"about":[{"href":"https:\/\/alpericoztransport.com\/ru\/wp-json\/wp\/v2\/types\/page"}],"author":[{"embeddable":true,"href":"https:\/\/alpericoztransport.com\/ru\/wp-json\/wp\/v2\/users\/1"}],"replies":[{"embeddable":true,"href":"https:\/\/alpericoztransport.com\/ru\/wp-json\/wp\/v2\/comments?post=5943"}],"version-history":[{"count":9,"href":"https:\/\/alpericoztransport.com\/ru\/wp-json\/wp\/v2\/pages\/5943\/revisions"}],"predecessor-version":[{"id":6194,"href":"https:\/\/alpericoztransport.com\/ru\/wp-json\/wp\/v2\/pages\/5943\/revisions\/6194"}],"wp:attachment":[{"href":"https:\/\/alpericoztransport.com\/ru\/wp-json\/wp\/v2\/media?parent=5943"}],"curies":[{"name":"wp","href":"https:\/\/api.w.org\/{rel}","templated":true}]}}