{"id":6081,"date":"2023-01-07T12:33:08","date_gmt":"2023-01-07T12:33:08","guid":{"rendered":"https:\/\/alpericoztransport.com\/?page_id=6081"},"modified":"2023-01-08T11:31:13","modified_gmt":"2023-01-08T11:31:13","slug":"insan-kaynaklari","status":"publish","type":"page","link":"https:\/\/alpericoztransport.com\/ru\/insan-kaynaklari\/","title":{"rendered":"\u0427\u0435\u043b\u043e\u0432\u0435\u0447\u0435\u0441\u043a\u0438\u0435 \u0440\u0435\u0441\u0443\u0440\u0441\u044b"},"content":{"rendered":"<section class=\"wpb-content-wrapper\"><p>[vc_row][vc_column]<div class=\"wpcf7 no-js\" id=\"wpcf7-f6080-o1\" lang=\"en-US\" dir=\"ltr\">\n<div class=\"screen-reader-response\"><p role=\"status\" aria-live=\"polite\" aria-atomic=\"true\"><\/p> <ul><\/ul><\/div>\n<form action=\"\/ru\/wp-json\/wp\/v2\/pages\/6081#wpcf7-f6080-o1\" method=\"post\" class=\"wpcf7-form init\" aria-label=\"Contact form\" enctype=\"multipart\/form-data\" novalidate=\"novalidate\" data-status=\"init\">\n<div style=\"display: none;\">\n<input type=\"hidden\" name=\"_wpcf7\" value=\"6080\" \/>\n<input type=\"hidden\" name=\"_wpcf7_version\" value=\"5.7.1\" \/>\n<input type=\"hidden\" name=\"_wpcf7_locale\" value=\"en_US\" \/>\n<input type=\"hidden\" name=\"_wpcf7_unit_tag\" value=\"wpcf7-f6080-o1\" \/>\n<input type=\"hidden\" name=\"_wpcf7_container_post\" value=\"0\" \/>\n<input type=\"hidden\" name=\"_wpcf7_posted_data_hash\" value=\"\" \/>\n<input type=\"hidden\" name=\"lang\" value=\"ru\" \/>\n<\/div>\n<p><label> \u0130sim Soyisim (*)<br \/>\n<span class=\"wpcf7-form-control-wrap\" data-name=\"your-name\"><input size=\"40\" class=\"wpcf7-form-control wpcf7-text wpcf7-validates-as-required\" autocomplete=\"name\" aria-required=\"true\" aria-invalid=\"false\" value=\"\" type=\"text\" name=\"your-name\" \/><\/span> <\/label>\n<\/p>\n<p><label> E-Posta (*)<br \/>\n<span class=\"wpcf7-form-control-wrap\" data-name=\"your-email\"><input size=\"40\" class=\"wpcf7-form-control wpcf7-text wpcf7-email wpcf7-validates-as-required wpcf7-validates-as-email\" autocomplete=\"email\" aria-required=\"true\" aria-invalid=\"false\" value=\"\" type=\"email\" name=\"your-email\" \/><\/span> <\/label>\n<\/p>\n<p><label> Telefon (*)<br \/>\n<span class=\"wpcf7-form-control-wrap\" data-name=\"your-tel\"><input size=\"40\" class=\"wpcf7-form-control wpcf7-text wpcf7-validates-as-required\" aria-required=\"true\" aria-invalid=\"false\" value=\"\" type=\"text\" name=\"your-tel\" \/><\/span> <\/label>\n<\/p>\n<p><label> CV Y\u00fckle<br \/>\n<span class=\"wpcf7-form-control-wrap\" data-name=\"file-1453\"><input size=\"40\" class=\"wpcf7-form-control wpcf7-file\" accept=\".pdf,.doc,.docx,.jpg,.jpeg\" aria-invalid=\"false\" type=\"file\" name=\"file-1453\" \/><\/span> <\/label><br \/>\n* Sadece .pdf .doc .docx .jpg .jpeg format\u0131ndaki dosyalar | max. 5 mb\n<\/p>\n<p><label> \u0130letiniz<br \/>\n<span class=\"wpcf7-form-control-wrap\" data-name=\"your-message\"><textarea cols=\"40\" rows=\"10\" class=\"wpcf7-form-control wpcf7-textarea\" aria-invalid=\"false\" name=\"your-message\"><\/textarea><\/span> <\/label>\n<\/p>\n<p><input class=\"wpcf7-form-control has-spinner wpcf7-submit\" type=\"submit\" value=\"G\u00f6nder\" \/>\n<\/p><div class=\"wpcf7-response-output\" aria-hidden=\"true\"><\/div><\/form><\/div>[\/vc_column][\/vc_row]<\/p>\n<\/section>","protected":false},"excerpt":{"rendered":"<p>[vc_row][vc_column][\/vc_column][\/vc_row]<\/p>\n","protected":false},"author":1,"featured_media":0,"parent":0,"menu_order":0,"comment_status":"closed","ping_status":"closed","template":"","meta":[],"yoast_head":"<!-- This site is optimized with the Yoast SEO plugin v19.13 - https:\/\/yoast.com\/wordpress\/plugins\/seo\/ -->\n<title>\u0427\u0435\u043b\u043e\u0432\u0435\u0447\u0435\u0441\u043a\u0438\u0435 \u0440\u0435\u0441\u0443\u0440\u0441\u044b - Alper \u0130\u00e7\u00f6z Transport<\/title>\n<meta name=\"robots\" content=\"index, follow, max-snippet:-1, max-image-preview:large, max-video-preview:-1\" \/>\n<link rel=\"canonical\" href=\"https:\/\/alpericoztransport.com\/insan-kaynaklari\/\" \/>\n<meta property=\"og:locale\" content=\"en_US\" \/>\n<meta property=\"og:type\" content=\"article\" \/>\n<meta property=\"og:title\" content=\"\u0427\u0435\u043b\u043e\u0432\u0435\u0447\u0435\u0441\u043a\u0438\u0435 \u0440\u0435\u0441\u0443\u0440\u0441\u044b\" \/>\n<meta property=\"og:description\" content=\"[vc_row][vc_column][\/vc_column][\/vc_row]\" \/>\n<meta property=\"og:url\" content=\"https:\/\/alpericoztransport.com\/insan-kaynaklari\/\" \/>\n<meta property=\"og:site_name\" content=\"Alper \u0130\u00e7\u00f6z Transport\" \/>\n<meta property=\"article:modified_time\" content=\"2023-01-08T11:31:13+00:00\" \/>\n<meta name=\"twitter:card\" content=\"summary_large_image\" \/>\n<meta name=\"twitter:label1\" content=\"Est. reading time\" \/>\n\t<meta name=\"twitter:data1\" content=\"1 minute\" \/>\n<script type=\"application\/ld+json\" class=\"yoast-schema-graph\">{\"@context\":\"https:\/\/schema.org\",\"@graph\":[{\"@type\":\"WebPage\",\"@id\":\"https:\/\/alpericoztransport.com\/insan-kaynaklari\/\",\"url\":\"https:\/\/alpericoztransport.com\/insan-kaynaklari\/\",\"name\":\"[:tr]\u0130nsan Kaynaklar\u0131[:en]Human Resources[:ru]\u0427\u0435\u043b\u043e\u0432\u0435\u0447\u0435\u0441\u043a\u0438\u0435 \u0440\u0435\u0441\u0443\u0440\u0441\u044b[:ge]\u1c90\u10d3\u10d0\u10db\u10d8\u10d0\u10dc\u10e3\u10e0\u10d8 \u10e0\u10d4\u10e1\u10e3\u10e0\u10e1\u10d4\u10d1\u10d8\u10e1[:] - Alper \u0130\u00e7\u00f6z Transport\",\"isPartOf\":{\"@id\":\"https:\/\/alpericoztransport.com\/#website\"},\"datePublished\":\"2023-01-07T12:33:08+00:00\",\"dateModified\":\"2023-01-08T11:31:13+00:00\",\"breadcrumb\":{\"@id\":\"https:\/\/alpericoztransport.com\/insan-kaynaklari\/#breadcrumb\"},\"inLanguage\":\"ru-RU\",\"potentialAction\":[{\"@type\":\"ReadAction\",\"target\":[\"https:\/\/alpericoztransport.com\/insan-kaynaklari\/\"]}]},{\"@type\":\"BreadcrumbList\",\"@id\":\"https:\/\/alpericoztransport.com\/insan-kaynaklari\/#breadcrumb\",\"itemListElement\":[{\"@type\":\"ListItem\",\"position\":1,\"name\":\"Anasayfa\",\"item\":\"https:\/\/alpericoztransport.com\/\"},{\"@type\":\"ListItem\",\"position\":2,\"name\":\"\u0130nsan Kaynaklar\u0131\"}]},{\"@type\":\"WebSite\",\"@id\":\"https:\/\/alpericoztransport.com\/#website\",\"url\":\"https:\/\/alpericoztransport.com\/\",\"name\":\"www.egecetransport.com\",\"description\":\"Uluslararas\u0131 Kara - Hava ve Deniz Ta\u015f\u0131mac\u0131l\u0131\u011f\u0131\",\"publisher\":{\"@id\":\"https:\/\/alpericoztransport.com\/#organization\"},\"potentialAction\":[{\"@type\":\"SearchAction\",\"target\":{\"@type\":\"EntryPoint\",\"urlTemplate\":\"https:\/\/alpericoztransport.com\/?s={search_term_string}\"},\"query-input\":\"required name=search_term_string\"}],\"inLanguage\":\"ru-RU\"},{\"@type\":\"Organization\",\"@id\":\"https:\/\/alpericoztransport.com\/#organization\",\"name\":\"www.egecetransport.com\",\"url\":\"https:\/\/alpericoztransport.com\/\",\"logo\":{\"@type\":\"ImageObject\",\"inLanguage\":\"ru-RU\",\"@id\":\"https:\/\/alpericoztransport.com\/#\/schema\/logo\/image\/\",\"url\":\"https:\/\/egecetransport.com\/wp-content\/uploads\/2022\/12\/egece-kurumsal-logo-head.png\",\"contentUrl\":\"https:\/\/egecetransport.com\/wp-content\/uploads\/2022\/12\/egece-kurumsal-logo-head.png\",\"width\":270,\"height\":70,\"caption\":\"www.egecetransport.com\"},\"image\":{\"@id\":\"https:\/\/alpericoztransport.com\/#\/schema\/logo\/image\/\"}}]}<\/script>\n<!-- \/ Yoast SEO plugin. -->","yoast_head_json":{"title":"\u0427\u0435\u043b\u043e\u0432\u0435\u0447\u0435\u0441\u043a\u0438\u0435 \u0440\u0435\u0441\u0443\u0440\u0441\u044b - Alper \u0130\u00e7\u00f6z Transport","robots":{"index":"index","follow":"follow","max-snippet":"max-snippet:-1","max-image-preview":"max-image-preview:large","max-video-preview":"max-video-preview:-1"},"canonical":"https:\/\/alpericoztransport.com\/insan-kaynaklari\/","og_locale":"en_US","og_type":"article","og_title":"[:tr]\u0130nsan Kaynaklar\u0131[:en]Human Resources[:ru]\u0427\u0435\u043b\u043e\u0432\u0435\u0447\u0435\u0441\u043a\u0438\u0435 \u0440\u0435\u0441\u0443\u0440\u0441\u044b[:ge]\u1c90\u10d3\u10d0\u10db\u10d8\u10d0\u10dc\u10e3\u10e0\u10d8 \u10e0\u10d4\u10e1\u10e3\u10e0\u10e1\u10d4\u10d1\u10d8\u10e1[:] - Alper \u0130\u00e7\u00f6z Transport","og_description":"[vc_row][vc_column][\/vc_column][\/vc_row]","og_url":"https:\/\/alpericoztransport.com\/insan-kaynaklari\/","og_site_name":"Alper \u0130\u00e7\u00f6z Transport","article_modified_time":"2023-01-08T11:31:13+00:00","twitter_card":"summary_large_image","twitter_misc":{"Est. reading time":"1 minute"},"schema":{"@context":"https:\/\/schema.org","@graph":[{"@type":"WebPage","@id":"https:\/\/alpericoztransport.com\/insan-kaynaklari\/","url":"https:\/\/alpericoztransport.com\/insan-kaynaklari\/","name":"[:tr]\u0130nsan Kaynaklar\u0131[:en]Human Resources[:ru]\u0427\u0435\u043b\u043e\u0432\u0435\u0447\u0435\u0441\u043a\u0438\u0435 \u0440\u0435\u0441\u0443\u0440\u0441\u044b[:ge]\u1c90\u10d3\u10d0\u10db\u10d8\u10d0\u10dc\u10e3\u10e0\u10d8 \u10e0\u10d4\u10e1\u10e3\u10e0\u10e1\u10d4\u10d1\u10d8\u10e1[:] - Alper \u0130\u00e7\u00f6z Transport","isPartOf":{"@id":"https:\/\/alpericoztransport.com\/#website"},"datePublished":"2023-01-07T12:33:08+00:00","dateModified":"2023-01-08T11:31:13+00:00","breadcrumb":{"@id":"https:\/\/alpericoztransport.com\/insan-kaynaklari\/#breadcrumb"},"inLanguage":"ru-RU","potentialAction":[{"@type":"ReadAction","target":["https:\/\/alpericoztransport.com\/insan-kaynaklari\/"]}]},{"@type":"BreadcrumbList","@id":"https:\/\/alpericoztransport.com\/insan-kaynaklari\/#breadcrumb","itemListElement":[{"@type":"ListItem","position":1,"name":"Anasayfa","item":"https:\/\/alpericoztransport.com\/"},{"@type":"ListItem","position":2,"name":"\u0130nsan Kaynaklar\u0131"}]},{"@type":"WebSite","@id":"https:\/\/alpericoztransport.com\/#website","url":"https:\/\/alpericoztransport.com\/","name":"www.egecetransport.com","description":"Uluslararas\u0131 Kara - Hava ve Deniz Ta\u015f\u0131mac\u0131l\u0131\u011f\u0131","publisher":{"@id":"https:\/\/alpericoztransport.com\/#organization"},"potentialAction":[{"@type":"SearchAction","target":{"@type":"EntryPoint","urlTemplate":"https:\/\/alpericoztransport.com\/?s={search_term_string}"},"query-input":"required name=search_term_string"}],"inLanguage":"ru-RU"},{"@type":"Organization","@id":"https:\/\/alpericoztransport.com\/#organization","name":"www.egecetransport.com","url":"https:\/\/alpericoztransport.com\/","logo":{"@type":"ImageObject","inLanguage":"ru-RU","@id":"https:\/\/alpericoztransport.com\/#\/schema\/logo\/image\/","url":"https:\/\/egecetransport.com\/wp-content\/uploads\/2022\/12\/egece-kurumsal-logo-head.png","contentUrl":"https:\/\/egecetransport.com\/wp-content\/uploads\/2022\/12\/egece-kurumsal-logo-head.png","width":270,"height":70,"caption":"www.egecetransport.com"},"image":{"@id":"https:\/\/alpericoztransport.com\/#\/schema\/logo\/image\/"}}]}},"_links":{"self":[{"href":"https:\/\/alpericoztransport.com\/ru\/wp-json\/wp\/v2\/pages\/6081"}],"collection":[{"href":"https:\/\/alpericoztransport.com\/ru\/wp-json\/wp\/v2\/pages"}],"about":[{"href":"https:\/\/alpericoztransport.com\/ru\/wp-json\/wp\/v2\/types\/page"}],"author":[{"embeddable":true,"href":"https:\/\/alpericoztransport.com\/ru\/wp-json\/wp\/v2\/users\/1"}],"replies":[{"embeddable":true,"href":"https:\/\/alpericoztransport.com\/ru\/wp-json\/wp\/v2\/comments?post=6081"}],"version-history":[{"count":4,"href":"https:\/\/alpericoztransport.com\/ru\/wp-json\/wp\/v2\/pages\/6081\/revisions"}],"predecessor-version":[{"id":6093,"href":"https:\/\/alpericoztransport.com\/ru\/wp-json\/wp\/v2\/pages\/6081\/revisions\/6093"}],"wp:attachment":[{"href":"https:\/\/alpericoztransport.com\/ru\/wp-json\/wp\/v2\/media?parent=6081"}],"curies":[{"name":"wp","href":"https:\/\/api.w.org\/{rel}","templated":true}]}}